{"id":98,"date":"2023-09-26T10:23:03","date_gmt":"2023-09-26T14:23:03","guid":{"rendered":"https:\/\/marketvisionscape.com\/?post_type=product&#038;p=98"},"modified":"2024-11-13T13:39:42","modified_gmt":"2024-11-13T17:39:42","slug":"e-book-design","status":"publish","type":"product","link":"https:\/\/marketvisionscape.com\/en\/product\/e-book-design\/","title":{"rendered":"E-book design"},"content":{"rendered":"<p lang=\"en-US\" align=\"justify\"><span style=\"font-size: large\"><span lang=\"es-CR\"><b>Characteristics:<\/b><\/span><\/span><\/p>\n<p lang=\"en-US\" align=\"justify\">\u2022 <span style=\"font-size: large\"><span lang=\"es-CR\">E-book writing and editing.<\/span><\/span><\/p>\n<p lang=\"en-US\" align=\"justify\">\u2022 <span style=\"font-size: large\"><span lang=\"es-CR\">Professional eBook design.<\/span><\/span><\/p>\n<p lang=\"en-US\" align=\"justify\">\u2022 <span style=\"font-size: large\"><span lang=\"es-CR\">Publishing on popular e-book platforms (e.g., Amazon Kindle).<\/span><\/span><\/p>","protected":false},"excerpt":{"rendered":"<p>Establece tu autoridad en el sector con un libro electr\u00f3nico. Incluye redacci\u00f3n, dise\u00f1o atractivo y publicaci\u00f3n en las principales plataformas de ebooks, para llegar a una audiencia global.<\/p>","protected":false},"featured_media":99,"template":"","meta":{"_acf_changed":false},"product_brand":[],"product_cat":[30,28],"product_tag":[],"class_list":{"0":"post-98","1":"product","2":"type-product","3":"status-publish","4":"has-post-thumbnail","6":"product_cat-marketing-de-contenido-servicios-de-marketing-digital","7":"product_cat-servicios-de-marketing-digital","9":"first","10":"instock","11":"virtual","12":"taxable","13":"purchasable","14":"product-type-simple"},"acf":{"im_status":"enabled","days_for_delivery":"3"},"aioseo_notices":[],"_links":{"self":[{"href":"https:\/\/marketvisionscape.com\/en\/wp-json\/wp\/v2\/product\/98","targetHints":{"allow":["GET"]}}],"collection":[{"href":"https:\/\/marketvisionscape.com\/en\/wp-json\/wp\/v2\/product"}],"about":[{"href":"https:\/\/marketvisionscape.com\/en\/wp-json\/wp\/v2\/types\/product"}],"wp:featuredmedia":[{"embeddable":true,"href":"https:\/\/marketvisionscape.com\/en\/wp-json\/wp\/v2\/media\/99"}],"wp:attachment":[{"href":"https:\/\/marketvisionscape.com\/en\/wp-json\/wp\/v2\/media?parent=98"}],"wp:term":[{"taxonomy":"product_brand","embeddable":true,"href":"https:\/\/marketvisionscape.com\/en\/wp-json\/wp\/v2\/product_brand?post=98"},{"taxonomy":"product_cat","embeddable":true,"href":"https:\/\/marketvisionscape.com\/en\/wp-json\/wp\/v2\/product_cat?post=98"},{"taxonomy":"product_tag","embeddable":true,"href":"https:\/\/marketvisionscape.com\/en\/wp-json\/wp\/v2\/product_tag?post=98"}],"curies":[{"name":"wp","href":"https:\/\/api.w.org\/{rel}","templated":true}]}}