{"id":93,"date":"2023-09-26T10:14:03","date_gmt":"2023-09-26T14:14:03","guid":{"rendered":"https:\/\/marketvisionscape.com\/?post_type=product&#038;p=93"},"modified":"2024-11-13T13:38:35","modified_gmt":"2024-11-13T17:38:35","slug":"blog-starter-package","status":"publish","type":"product","link":"https:\/\/marketvisionscape.com\/en\/product\/blog-starter-package\/","title":{"rendered":"Blogging Starter Kit"},"content":{"rendered":"<p lang=\"en-US\" align=\"justify\"><span style=\"font-size: large\"><span lang=\"es-CR\"><b>Characteristics:<\/b><\/span><\/span><\/p>\n<p lang=\"en-US\" align=\"justify\">\u2022 <span style=\"font-size: large\"><span lang=\"es-CR\">Four blog posts per month.<\/span><\/span><\/p>\n<p lang=\"en-US\" align=\"justify\">\u2022 <span style=\"font-size: large\"><span lang=\"es-CR\">Research and generation of topic ideas.<\/span><\/span><\/p>\n<p lang=\"en-US\" align=\"justify\">\u2022 <span style=\"font-size: large\"><span lang=\"es-CR\">Basic SEO optimization for each blog post.<\/span><\/span><\/p>","protected":false},"excerpt":{"rendered":"<p>Comienza a atraer a tu audiencia con un blog optimizado. Incluye cuatro publicaciones mensuales, investigaci\u00f3n de temas relevantes y optimizaci\u00f3n SEO para garantizar que tu contenido llegue a m\u00e1s personas.<\/p>","protected":false},"featured_media":94,"template":"","meta":{"_acf_changed":false},"product_brand":[],"product_cat":[30,28],"product_tag":[],"class_list":{"0":"post-93","1":"product","2":"type-product","3":"status-publish","4":"has-post-thumbnail","6":"product_cat-marketing-de-contenido-servicios-de-marketing-digital","7":"product_cat-servicios-de-marketing-digital","9":"first","10":"instock","11":"taxable","12":"shipping-taxable","13":"purchasable","14":"product-type-simple"},"acf":{"im_status":"enabled","days_for_delivery":"2"},"aioseo_notices":[],"_links":{"self":[{"href":"https:\/\/marketvisionscape.com\/en\/wp-json\/wp\/v2\/product\/93","targetHints":{"allow":["GET"]}}],"collection":[{"href":"https:\/\/marketvisionscape.com\/en\/wp-json\/wp\/v2\/product"}],"about":[{"href":"https:\/\/marketvisionscape.com\/en\/wp-json\/wp\/v2\/types\/product"}],"wp:featuredmedia":[{"embeddable":true,"href":"https:\/\/marketvisionscape.com\/en\/wp-json\/wp\/v2\/media\/94"}],"wp:attachment":[{"href":"https:\/\/marketvisionscape.com\/en\/wp-json\/wp\/v2\/media?parent=93"}],"wp:term":[{"taxonomy":"product_brand","embeddable":true,"href":"https:\/\/marketvisionscape.com\/en\/wp-json\/wp\/v2\/product_brand?post=93"},{"taxonomy":"product_cat","embeddable":true,"href":"https:\/\/marketvisionscape.com\/en\/wp-json\/wp\/v2\/product_cat?post=93"},{"taxonomy":"product_tag","embeddable":true,"href":"https:\/\/marketvisionscape.com\/en\/wp-json\/wp\/v2\/product_tag?post=93"}],"curies":[{"name":"wp","href":"https:\/\/api.w.org\/{rel}","templated":true}]}}