{"id":85,"date":"2023-09-25T17:17:47","date_gmt":"2023-09-25T21:17:47","guid":{"rendered":"https:\/\/marketvisionscape.com\/?post_type=product&#038;p=85"},"modified":"2024-11-13T13:33:28","modified_gmt":"2024-11-13T17:33:28","slug":"flash-mob-marketing","status":"publish","type":"product","link":"https:\/\/marketvisionscape.com\/en\/product\/flash-mob-marketing\/","title":{"rendered":"Flash Mob Marketing"},"content":{"rendered":"<p lang=\"en-US\" align=\"justify\"><span style=\"font-size: large\"><span lang=\"es-CR\"><b>Characteristics:<\/b><\/span><\/span><\/p>\n<p lang=\"en-US\" align=\"justify\">\u2022 <span style=\"font-size: large\"><span lang=\"es-CR\">Development of creative concept for flash mob.<\/span><\/span><\/p>\n<p lang=\"en-US\" align=\"justify\">\u2022 <span style=\"font-size: large\"><span lang=\"es-CR\">Choreography, costumes and rehearsals.<\/span><\/span><\/p>\n<p lang=\"en-US\" align=\"justify\">\u2022 <span style=\"font-size: large\"><span lang=\"es-CR\">Event promotion and social media coverage.<\/span><\/span><\/p>\n<p lang=\"en-US\" align=\"justify\">\u2022 <span style=\"font-size: large\"><span lang=\"es-CR\">Measurement of social media engagement and reach.<\/span><\/span><\/p>","protected":false},"excerpt":{"rendered":"<p>Causa una impresi\u00f3n duradera con un flash mob dise\u00f1ado para tu marca. Incluye desarrollo de concepto, coreograf\u00eda, promoci\u00f3n en redes sociales y seguimiento de participaci\u00f3n.<\/p>","protected":false},"featured_media":86,"template":"","meta":{"_acf_changed":false},"product_brand":[],"product_cat":[27,17],"product_tag":[],"class_list":{"0":"post-85","1":"product","2":"type-product","3":"status-publish","4":"has-post-thumbnail","6":"product_cat-marketing-de-guerrilla","7":"product_cat-marketing-tradicional","9":"first","10":"instock","11":"virtual","12":"taxable","13":"purchasable","14":"product-type-simple"},"acf":{"im_status":"enabled","days_for_delivery":"3"},"aioseo_notices":[],"_links":{"self":[{"href":"https:\/\/marketvisionscape.com\/en\/wp-json\/wp\/v2\/product\/85","targetHints":{"allow":["GET"]}}],"collection":[{"href":"https:\/\/marketvisionscape.com\/en\/wp-json\/wp\/v2\/product"}],"about":[{"href":"https:\/\/marketvisionscape.com\/en\/wp-json\/wp\/v2\/types\/product"}],"wp:featuredmedia":[{"embeddable":true,"href":"https:\/\/marketvisionscape.com\/en\/wp-json\/wp\/v2\/media\/86"}],"wp:attachment":[{"href":"https:\/\/marketvisionscape.com\/en\/wp-json\/wp\/v2\/media?parent=85"}],"wp:term":[{"taxonomy":"product_brand","embeddable":true,"href":"https:\/\/marketvisionscape.com\/en\/wp-json\/wp\/v2\/product_brand?post=85"},{"taxonomy":"product_cat","embeddable":true,"href":"https:\/\/marketvisionscape.com\/en\/wp-json\/wp\/v2\/product_cat?post=85"},{"taxonomy":"product_tag","embeddable":true,"href":"https:\/\/marketvisionscape.com\/en\/wp-json\/wp\/v2\/product_tag?post=85"}],"curies":[{"name":"wp","href":"https:\/\/api.w.org\/{rel}","templated":true}]}}