{"id":83,"date":"2023-09-25T17:14:23","date_gmt":"2023-09-25T21:14:23","guid":{"rendered":"https:\/\/marketvisionscape.com\/?post_type=product&#038;p=83"},"modified":"2024-11-13T13:32:52","modified_gmt":"2024-11-13T17:32:52","slug":"urban-art-marketing-bell","status":"publish","type":"product","link":"https:\/\/marketvisionscape.com\/en\/product\/urban-art-marketing-bell\/","title":{"rendered":"Urban Art Marketing Campaign"},"content":{"rendered":"<p lang=\"en-US\" align=\"justify\"><span style=\"font-size: large\"><span lang=\"es-CR\"><b>Characteristics:<\/b><\/span><\/span><\/p>\n<p lang=\"en-US\" align=\"justify\">\u2022 <span style=\"font-size: large\"><span lang=\"es-CR\">Collaborative urban art project in a prominent location.<\/span><\/span><\/p>\n<p lang=\"en-US\" align=\"justify\">\u2022 <span style=\"font-size: large\"><span lang=\"es-CR\">Viral coverage in social networks.<\/span><\/span><\/p>\n<p lang=\"en-US\" align=\"justify\">\u2022 <span style=\"font-size: large\"><span lang=\"es-CR\">Local press coverage and guerrilla marketing buzz.<\/span><\/span><\/p>\n<p lang=\"en-US\" align=\"justify\">\u2022 <span style=\"font-size: large\"><span lang=\"es-CR\">Participation and impact analysis.<\/span><\/span><\/p>","protected":false},"excerpt":{"rendered":"<p>Captura la atenci\u00f3n de tu audiencia con un proyecto colaborativo de arte urbano. Gestionamos la cobertura en redes sociales, la atenci\u00f3n de prensa local y el an\u00e1lisis de participaci\u00f3n en l\u00ednea.<\/p>","protected":false},"featured_media":84,"template":"","meta":{"_acf_changed":false},"product_brand":[],"product_cat":[27,17],"product_tag":[],"class_list":{"0":"post-83","1":"product","2":"type-product","3":"status-publish","4":"has-post-thumbnail","6":"product_cat-marketing-de-guerrilla","7":"product_cat-marketing-tradicional","9":"first","10":"instock","11":"virtual","12":"taxable","13":"purchasable","14":"product-type-simple"},"acf":{"im_status":"enabled","days_for_delivery":"5"},"aioseo_notices":[],"_links":{"self":[{"href":"https:\/\/marketvisionscape.com\/en\/wp-json\/wp\/v2\/product\/83","targetHints":{"allow":["GET"]}}],"collection":[{"href":"https:\/\/marketvisionscape.com\/en\/wp-json\/wp\/v2\/product"}],"about":[{"href":"https:\/\/marketvisionscape.com\/en\/wp-json\/wp\/v2\/types\/product"}],"wp:featuredmedia":[{"embeddable":true,"href":"https:\/\/marketvisionscape.com\/en\/wp-json\/wp\/v2\/media\/84"}],"wp:attachment":[{"href":"https:\/\/marketvisionscape.com\/en\/wp-json\/wp\/v2\/media?parent=83"}],"wp:term":[{"taxonomy":"product_brand","embeddable":true,"href":"https:\/\/marketvisionscape.com\/en\/wp-json\/wp\/v2\/product_brand?post=83"},{"taxonomy":"product_cat","embeddable":true,"href":"https:\/\/marketvisionscape.com\/en\/wp-json\/wp\/v2\/product_cat?post=83"},{"taxonomy":"product_tag","embeddable":true,"href":"https:\/\/marketvisionscape.com\/en\/wp-json\/wp\/v2\/product_tag?post=83"}],"curies":[{"name":"wp","href":"https:\/\/api.w.org\/{rel}","templated":true}]}}