{"id":71,"date":"2023-09-25T16:17:28","date_gmt":"2023-09-25T20:17:28","guid":{"rendered":"https:\/\/marketvisionscape.com\/?post_type=product&#038;p=71"},"modified":"2024-11-13T13:29:02","modified_gmt":"2024-11-13T17:29:02","slug":"magazine-advertising-design","status":"publish","type":"product","link":"https:\/\/marketvisionscape.com\/en\/product\/magazine-advertising-design\/","title":{"rendered":"Magazine Advertising Design"},"content":{"rendered":"<p lang=\"en-US\" align=\"justify\"><span style=\"font-size: large\"><span lang=\"es-CR\"><b>Characteristics:<\/b><\/span><\/span><\/p>\n<p lang=\"en-US\" align=\"justify\">\u2022 <span style=\"font-size: large\"><span lang=\"es-CR\">Half-page color ad in a magazine of your industry.<\/span><\/span><\/p>\n<p lang=\"en-US\" align=\"justify\">\u2022 <span style=\"font-size: large\"><span lang=\"es-CR\">Graphic design and content creation.<\/span><\/span><\/p>\n<p lang=\"en-US\" align=\"justify\">\u2022 <span style=\"font-size: large\"><span lang=\"es-CR\">Placement in two consecutive editions.<\/span><\/span><\/p>\n<p lang=\"en-US\" align=\"justify\">\u2022 <span style=\"font-size: large\"><span lang=\"es-CR\">Ad engagement metrics and analytics.<\/span><\/span><\/p>","protected":false},"excerpt":{"rendered":"<p>Amplifica tu mensaje con un anuncio de media p\u00e1gina a color en una revista especializada. Incluye dise\u00f1o gr\u00e1fico de alta calidad y colocaci\u00f3n estrat\u00e9gica en dos ediciones consecutivas.<\/p>","protected":false},"featured_media":72,"template":"","meta":{"_acf_changed":false},"product_brand":[],"product_cat":[17,24],"product_tag":[],"class_list":{"0":"post-71","1":"product","2":"type-product","3":"status-publish","4":"has-post-thumbnail","6":"product_cat-marketing-tradicional","7":"product_cat-medios-impresos","9":"first","10":"instock","11":"virtual","12":"taxable","13":"purchasable","14":"product-type-simple"},"acf":{"im_status":"enabled","days_for_delivery":"5"},"aioseo_notices":[],"_links":{"self":[{"href":"https:\/\/marketvisionscape.com\/en\/wp-json\/wp\/v2\/product\/71","targetHints":{"allow":["GET"]}}],"collection":[{"href":"https:\/\/marketvisionscape.com\/en\/wp-json\/wp\/v2\/product"}],"about":[{"href":"https:\/\/marketvisionscape.com\/en\/wp-json\/wp\/v2\/types\/product"}],"wp:featuredmedia":[{"embeddable":true,"href":"https:\/\/marketvisionscape.com\/en\/wp-json\/wp\/v2\/media\/72"}],"wp:attachment":[{"href":"https:\/\/marketvisionscape.com\/en\/wp-json\/wp\/v2\/media?parent=71"}],"wp:term":[{"taxonomy":"product_brand","embeddable":true,"href":"https:\/\/marketvisionscape.com\/en\/wp-json\/wp\/v2\/product_brand?post=71"},{"taxonomy":"product_cat","embeddable":true,"href":"https:\/\/marketvisionscape.com\/en\/wp-json\/wp\/v2\/product_cat?post=71"},{"taxonomy":"product_tag","embeddable":true,"href":"https:\/\/marketvisionscape.com\/en\/wp-json\/wp\/v2\/product_tag?post=71"}],"curies":[{"name":"wp","href":"https:\/\/api.w.org\/{rel}","templated":true}]}}