{"id":68,"date":"2023-09-25T16:02:44","date_gmt":"2023-09-25T20:02:44","guid":{"rendered":"https:\/\/marketvisionscape.com\/?post_type=product&#038;p=68"},"modified":"2024-11-13T13:28:11","modified_gmt":"2024-11-13T17:28:11","slug":"shipping-catalogs","status":"publish","type":"product","link":"https:\/\/marketvisionscape.com\/en\/product\/shipping-catalogs\/","title":{"rendered":"Catalog Mailings"},"content":{"rendered":"<p lang=\"en-US\" align=\"justify\"><span style=\"font-size: large\"><span lang=\"es-CR\"><b>Characteristics:<\/b><\/span><\/span><\/p>\n<p lang=\"en-US\" align=\"justify\">\u2022 <span style=\"font-size: large\"><span lang=\"es-CR\">Design and printing of a full color product catalog.<\/span><\/span><\/p>\n<p lang=\"en-US\" align=\"justify\">\u2022 <span style=\"font-size: large\"><span lang=\"es-CR\">Development and segmentation of the mailing list.<\/span><\/span><\/p>\n<p lang=\"en-US\" align=\"justify\">\u2022 <span style=\"font-size: large\"><span lang=\"es-CR\">Delivery to a list of 1,000 potential customers.<\/span><\/span><\/p>\n<p lang=\"en-US\" align=\"justify\">\u2022 <span style=\"font-size: large\"><span lang=\"es-CR\">Catalog performance tracking and reporting.<\/span><\/span><\/p>","protected":false},"excerpt":{"rendered":"<p>Muestra tus productos de manera impactante con cat\u00e1logos a todo color. Incluye dise\u00f1o profesional, impresi\u00f3n de calidad y distribuci\u00f3n a 1,000 posibles clientes seleccionados para maximizar el alcance.<\/p>","protected":false},"featured_media":69,"template":"","meta":{"_acf_changed":false},"product_brand":[],"product_cat":[23,17],"product_tag":[],"class_list":{"0":"post-68","1":"product","2":"type-product","3":"status-publish","4":"has-post-thumbnail","6":"product_cat-marketing-directo","7":"product_cat-marketing-tradicional","9":"first","10":"instock","11":"virtual","12":"taxable","13":"purchasable","14":"product-type-simple"},"acf":{"im_status":"enabled","days_for_delivery":"5"},"aioseo_notices":[],"_links":{"self":[{"href":"https:\/\/marketvisionscape.com\/en\/wp-json\/wp\/v2\/product\/68","targetHints":{"allow":["GET"]}}],"collection":[{"href":"https:\/\/marketvisionscape.com\/en\/wp-json\/wp\/v2\/product"}],"about":[{"href":"https:\/\/marketvisionscape.com\/en\/wp-json\/wp\/v2\/types\/product"}],"wp:featuredmedia":[{"embeddable":true,"href":"https:\/\/marketvisionscape.com\/en\/wp-json\/wp\/v2\/media\/69"}],"wp:attachment":[{"href":"https:\/\/marketvisionscape.com\/en\/wp-json\/wp\/v2\/media?parent=68"}],"wp:term":[{"taxonomy":"product_brand","embeddable":true,"href":"https:\/\/marketvisionscape.com\/en\/wp-json\/wp\/v2\/product_brand?post=68"},{"taxonomy":"product_cat","embeddable":true,"href":"https:\/\/marketvisionscape.com\/en\/wp-json\/wp\/v2\/product_cat?post=68"},{"taxonomy":"product_tag","embeddable":true,"href":"https:\/\/marketvisionscape.com\/en\/wp-json\/wp\/v2\/product_tag?post=68"}],"curies":[{"name":"wp","href":"https:\/\/api.w.org\/{rel}","templated":true}]}}