{"id":65,"date":"2023-09-25T15:57:59","date_gmt":"2023-09-25T19:57:59","guid":{"rendered":"https:\/\/marketvisionscape.com\/?post_type=product&#038;p=65"},"modified":"2024-11-13T13:27:37","modified_gmt":"2024-11-13T17:27:37","slug":"e-mail-marketing-bell","status":"publish","type":"product","link":"https:\/\/marketvisionscape.com\/en\/product\/e-mail-marketing-bell\/","title":{"rendered":"Email Marketing Campaign"},"content":{"rendered":"<p lang=\"en-US\" align=\"justify\"><span style=\"font-size: large\"><span lang=\"es-CR\"><b>Characteristics:<\/b><\/span><\/span><\/p>\n<p lang=\"en-US\" align=\"justify\">\u2022 <span style=\"font-size: large\"><span lang=\"es-CR\">Custom design of e-mail templates.<\/span><\/span><\/p>\n<p lang=\"en-US\" align=\"justify\">\u2022 <span style=\"font-size: large\"><span lang=\"es-CR\">Segmentation and management of e-mail lists.<\/span><\/span><\/p>\n<p lang=\"en-US\" align=\"justify\">\u2022 <span style=\"font-size: large\"><span lang=\"es-CR\">A series of three e-mail campaigns.<\/span><\/span><\/p>\n<p lang=\"en-US\" align=\"justify\">\u2022 <span style=\"font-size: large\"><span lang=\"es-CR\">Detailed performance analysis and recommendations.<\/span><\/span><\/p>","protected":false},"excerpt":{"rendered":"<p>Conecta con tu audiencia de manera efectiva con una campa\u00f1a de email marketing dise\u00f1ada a medida. Incluye creaci\u00f3n de plantillas atractivas, segmentaci\u00f3n avanzada y an\u00e1lisis del rendimiento para asegurar resultados \u00f3ptimos.<\/p>","protected":false},"featured_media":66,"template":"","meta":{"_acf_changed":false},"product_brand":[],"product_cat":[23,17],"product_tag":[],"class_list":{"0":"post-65","1":"product","2":"type-product","3":"status-publish","4":"has-post-thumbnail","6":"product_cat-marketing-directo","7":"product_cat-marketing-tradicional","9":"first","10":"instock","11":"virtual","12":"taxable","13":"purchasable","14":"product-type-simple"},"acf":{"im_status":"enabled","days_for_delivery":"3"},"aioseo_notices":[],"_links":{"self":[{"href":"https:\/\/marketvisionscape.com\/en\/wp-json\/wp\/v2\/product\/65","targetHints":{"allow":["GET"]}}],"collection":[{"href":"https:\/\/marketvisionscape.com\/en\/wp-json\/wp\/v2\/product"}],"about":[{"href":"https:\/\/marketvisionscape.com\/en\/wp-json\/wp\/v2\/types\/product"}],"wp:featuredmedia":[{"embeddable":true,"href":"https:\/\/marketvisionscape.com\/en\/wp-json\/wp\/v2\/media\/66"}],"wp:attachment":[{"href":"https:\/\/marketvisionscape.com\/en\/wp-json\/wp\/v2\/media?parent=65"}],"wp:term":[{"taxonomy":"product_brand","embeddable":true,"href":"https:\/\/marketvisionscape.com\/en\/wp-json\/wp\/v2\/product_brand?post=65"},{"taxonomy":"product_cat","embeddable":true,"href":"https:\/\/marketvisionscape.com\/en\/wp-json\/wp\/v2\/product_cat?post=65"},{"taxonomy":"product_tag","embeddable":true,"href":"https:\/\/marketvisionscape.com\/en\/wp-json\/wp\/v2\/product_tag?post=65"}],"curies":[{"name":"wp","href":"https:\/\/api.w.org\/{rel}","templated":true}]}}