{"id":61,"date":"2023-09-25T15:44:13","date_gmt":"2023-09-25T19:44:13","guid":{"rendered":"https:\/\/marketvisionscape.com\/?post_type=product&#038;p=61"},"modified":"2024-11-13T13:26:30","modified_gmt":"2024-11-13T17:26:30","slug":"market-research-surveys-market-research-surveys","status":"publish","type":"product","link":"https:\/\/marketvisionscape.com\/en\/product\/market-research-surveys-market-research-surveys\/","title":{"rendered":"Market Research Surveys"},"content":{"rendered":"<p lang=\"en-US\" align=\"justify\"><span style=\"font-size: large\"><span lang=\"es-CR\"><b>Characteristics:<\/b><\/span><\/span><\/p>\n<p lang=\"en-US\" align=\"justify\">\u2022 <span style=\"font-size: large\"><span lang=\"es-CR\">Conducts up to 500 market research surveys.<\/span><\/span><\/p>\n<p lang=\"en-US\" align=\"justify\">\u2022 <span style=\"font-size: large\"><span lang=\"es-CR\">Detailed survey design and writing.<\/span><\/span><\/p>\n<p lang=\"en-US\" align=\"justify\">\u2022 <span style=\"font-size: large\"><span lang=\"es-CR\">Data analysis and generation of complete reports.<\/span><\/span><\/p>\n<p lang=\"en-US\" align=\"justify\">\u2022 <span style=\"font-size: large\"><span lang=\"es-CR\">Customer-specific information for refining strategies.<\/span><\/span><\/p>","protected":false},"excerpt":{"rendered":"<p>Obt\u00e9n informaci\u00f3n valiosa con nuestras encuestas personalizadas. Te ayudamos con el dise\u00f1o de encuestas, an\u00e1lisis de datos e informes detallados para tomar decisiones basadas en datos precisos.<\/p>","protected":false},"featured_media":62,"template":"","meta":{"_acf_changed":false},"product_brand":[],"product_cat":[17,22],"product_tag":[],"class_list":{"0":"post-61","1":"product","2":"type-product","3":"status-publish","4":"has-post-thumbnail","6":"product_cat-marketing-tradicional","7":"product_cat-telemercadeo","9":"first","10":"instock","11":"featured","12":"virtual","13":"taxable","14":"purchasable","15":"product-type-simple"},"acf":{"im_status":"enabled","days_for_delivery":"3"},"aioseo_notices":[],"_links":{"self":[{"href":"https:\/\/marketvisionscape.com\/en\/wp-json\/wp\/v2\/product\/61","targetHints":{"allow":["GET"]}}],"collection":[{"href":"https:\/\/marketvisionscape.com\/en\/wp-json\/wp\/v2\/product"}],"about":[{"href":"https:\/\/marketvisionscape.com\/en\/wp-json\/wp\/v2\/types\/product"}],"wp:featuredmedia":[{"embeddable":true,"href":"https:\/\/marketvisionscape.com\/en\/wp-json\/wp\/v2\/media\/62"}],"wp:attachment":[{"href":"https:\/\/marketvisionscape.com\/en\/wp-json\/wp\/v2\/media?parent=61"}],"wp:term":[{"taxonomy":"product_brand","embeddable":true,"href":"https:\/\/marketvisionscape.com\/en\/wp-json\/wp\/v2\/product_brand?post=61"},{"taxonomy":"product_cat","embeddable":true,"href":"https:\/\/marketvisionscape.com\/en\/wp-json\/wp\/v2\/product_cat?post=61"},{"taxonomy":"product_tag","embeddable":true,"href":"https:\/\/marketvisionscape.com\/en\/wp-json\/wp\/v2\/product_tag?post=61"}],"curies":[{"name":"wp","href":"https:\/\/api.w.org\/{rel}","templated":true}]}}