{"id":57,"date":"2023-09-25T15:36:35","date_gmt":"2023-09-25T19:36:35","guid":{"rendered":"https:\/\/marketvisionscape.com\/?post_type=product&#038;p=57"},"modified":"2024-11-13T13:25:21","modified_gmt":"2024-11-13T17:25:21","slug":"newsletter-marketing","status":"publish","type":"product","link":"https:\/\/marketvisionscape.com\/en\/product\/newsletter-marketing\/","title":{"rendered":"Newsletter Marketing"},"content":{"rendered":"<p lang=\"en-US\" align=\"justify\"><span style=\"font-size: large\"><span lang=\"es-CR\"><b>Characteristics:<\/b><\/span><\/span><\/p>\n<p lang=\"en-US\" align=\"justify\">\u2022 <span style=\"font-size: large\"><span lang=\"es-CR\">Professional newsletters designed every two months.<\/span><\/span><\/p>\n<p lang=\"en-US\" align=\"justify\">\u2022 <span style=\"font-size: large\"><span lang=\"es-CR\">Creation and curation of attractive content.<\/span><\/span><\/p>\n<p lang=\"en-US\" align=\"justify\">\u2022 <span style=\"font-size: large\"><span lang=\"es-CR\">Email distribution to your subscriber list.<\/span><\/span><\/p>\n<p lang=\"en-US\" align=\"justify\">\u2022 <span style=\"font-size: large\"><span lang=\"es-CR\">Track open rates and click-through rates.<\/span><\/span><\/p>","protected":false},"excerpt":{"rendered":"<p>Mant\u00e9n a tu audiencia conectada y comprometida con boletines dise\u00f1ados profesionalmente, enviados cada dos meses. El paquete incluye creaci\u00f3n de contenido atractivo, distribuci\u00f3n eficiente y an\u00e1lisis de resultados.<\/p>","protected":false},"featured_media":58,"template":"","meta":{"_acf_changed":false},"product_brand":[],"product_cat":[21,17],"product_tag":[],"class_list":{"0":"post-57","1":"product","2":"type-product","3":"status-publish","4":"has-post-thumbnail","6":"product_cat-marketing-de-contenido","7":"product_cat-marketing-tradicional","9":"first","10":"instock","11":"virtual","12":"taxable","13":"purchasable","14":"product-type-simple"},"acf":{"im_status":"enabled","days_for_delivery":"2"},"aioseo_notices":[],"_links":{"self":[{"href":"https:\/\/marketvisionscape.com\/en\/wp-json\/wp\/v2\/product\/57","targetHints":{"allow":["GET"]}}],"collection":[{"href":"https:\/\/marketvisionscape.com\/en\/wp-json\/wp\/v2\/product"}],"about":[{"href":"https:\/\/marketvisionscape.com\/en\/wp-json\/wp\/v2\/types\/product"}],"wp:featuredmedia":[{"embeddable":true,"href":"https:\/\/marketvisionscape.com\/en\/wp-json\/wp\/v2\/media\/58"}],"wp:attachment":[{"href":"https:\/\/marketvisionscape.com\/en\/wp-json\/wp\/v2\/media?parent=57"}],"wp:term":[{"taxonomy":"product_brand","embeddable":true,"href":"https:\/\/marketvisionscape.com\/en\/wp-json\/wp\/v2\/product_brand?post=57"},{"taxonomy":"product_cat","embeddable":true,"href":"https:\/\/marketvisionscape.com\/en\/wp-json\/wp\/v2\/product_cat?post=57"},{"taxonomy":"product_tag","embeddable":true,"href":"https:\/\/marketvisionscape.com\/en\/wp-json\/wp\/v2\/product_tag?post=57"}],"curies":[{"name":"wp","href":"https:\/\/api.w.org\/{rel}","templated":true}]}}