{"id":51,"date":"2023-09-25T13:12:45","date_gmt":"2023-09-25T17:12:45","guid":{"rendered":"https:\/\/marketvisionscape.com\/?post_type=product&#038;p=51"},"modified":"2024-11-13T13:23:16","modified_gmt":"2024-11-13T17:23:16","slug":"crisis-management-service","status":"publish","type":"product","link":"https:\/\/marketvisionscape.com\/en\/product\/crisis-management-service\/","title":{"rendered":"Crisis Management Service"},"content":{"rendered":"<p lang=\"en-US\" align=\"justify\"><span style=\"font-size: large\"><span lang=\"es-CR\"><b>Characteristics:<\/b><\/span><\/span><\/p>\n<p lang=\"en-US\" align=\"justify\">\u2022 <span style=\"font-size: large\"><span lang=\"es-CR\">24-hour hotline and crisis response team.<\/span><\/span><\/p>\n<p lang=\"en-US\" align=\"justify\">\u2022 <span style=\"font-size: large\"><span lang=\"es-CR\">Reputational damage assessment and mitigation.<\/span><\/span><\/p>\n<p lang=\"en-US\" align=\"justify\">\u2022 <span style=\"font-size: large\"><span lang=\"es-CR\">Development of crisis communication strategy.<\/span><\/span><\/p>\n<p lang=\"en-US\" align=\"justify\">\u2022 <span style=\"font-size: large\"><span lang=\"es-CR\">Post-crisis reputation recovery plan.<\/span><\/span><\/p>","protected":false},"excerpt":{"rendered":"<p>Protege la imagen de tu marca con un servicio de gesti\u00f3n de crisis 24\/7. Nuestro equipo experto maneja cualquier situaci\u00f3n de reputaci\u00f3n, creando planes de acci\u00f3n eficaces y soluciones para la recuperaci\u00f3n.<\/p>","protected":false},"featured_media":52,"template":"","meta":{"_acf_changed":false},"product_brand":[],"product_cat":[17,19],"product_tag":[],"class_list":{"0":"post-51","1":"product","2":"type-product","3":"status-publish","4":"has-post-thumbnail","6":"product_cat-marketing-tradicional","7":"product_cat-relaciones-publicas-pr","9":"first","10":"instock","11":"taxable","12":"shipping-taxable","13":"purchasable","14":"product-type-simple"},"acf":{"im_status":"enabled","days_for_delivery":"2"},"aioseo_notices":[],"_links":{"self":[{"href":"https:\/\/marketvisionscape.com\/en\/wp-json\/wp\/v2\/product\/51","targetHints":{"allow":["GET"]}}],"collection":[{"href":"https:\/\/marketvisionscape.com\/en\/wp-json\/wp\/v2\/product"}],"about":[{"href":"https:\/\/marketvisionscape.com\/en\/wp-json\/wp\/v2\/types\/product"}],"wp:featuredmedia":[{"embeddable":true,"href":"https:\/\/marketvisionscape.com\/en\/wp-json\/wp\/v2\/media\/52"}],"wp:attachment":[{"href":"https:\/\/marketvisionscape.com\/en\/wp-json\/wp\/v2\/media?parent=51"}],"wp:term":[{"taxonomy":"product_brand","embeddable":true,"href":"https:\/\/marketvisionscape.com\/en\/wp-json\/wp\/v2\/product_brand?post=51"},{"taxonomy":"product_cat","embeddable":true,"href":"https:\/\/marketvisionscape.com\/en\/wp-json\/wp\/v2\/product_cat?post=51"},{"taxonomy":"product_tag","embeddable":true,"href":"https:\/\/marketvisionscape.com\/en\/wp-json\/wp\/v2\/product_tag?post=51"}],"curies":[{"name":"wp","href":"https:\/\/api.w.org\/{rel}","templated":true}]}}