{"id":205,"date":"2023-09-26T18:17:00","date_gmt":"2023-09-26T22:17:00","guid":{"rendered":"https:\/\/marketvisionscape.com\/?post_type=product&#038;p=205"},"modified":"2024-11-13T14:14:02","modified_gmt":"2024-11-13T18:14:02","slug":"market-entry-strategy-2","status":"publish","type":"product","link":"https:\/\/marketvisionscape.com\/en\/product\/market-entry-strategy-2\/","title":{"rendered":"Market Entry Strategy"},"content":{"rendered":"","protected":false},"excerpt":{"rendered":"<p>Aumenta tu alcance con nuestra Estrategia de Ingreso al Mercado. Dise\u00f1amos planes de expansi\u00f3n internacional y estrategias espec\u00edficas para establecerte en nuevos territorios con \u00e9xito.<\/p>","protected":false},"featured_media":206,"template":"","meta":{"_acf_changed":false},"product_brand":[],"product_cat":[44],"product_tag":[],"class_list":{"0":"post-205","1":"product","2":"type-product","3":"status-publish","4":"has-post-thumbnail","6":"product_cat-servicios-de-consultoria-de-marketing","8":"first","9":"instock","10":"virtual","11":"taxable","12":"purchasable","13":"product-type-simple"},"acf":{"im_status":"enabled","days_for_delivery":"7"},"aioseo_notices":[],"_links":{"self":[{"href":"https:\/\/marketvisionscape.com\/en\/wp-json\/wp\/v2\/product\/205","targetHints":{"allow":["GET"]}}],"collection":[{"href":"https:\/\/marketvisionscape.com\/en\/wp-json\/wp\/v2\/product"}],"about":[{"href":"https:\/\/marketvisionscape.com\/en\/wp-json\/wp\/v2\/types\/product"}],"wp:featuredmedia":[{"embeddable":true,"href":"https:\/\/marketvisionscape.com\/en\/wp-json\/wp\/v2\/media\/206"}],"wp:attachment":[{"href":"https:\/\/marketvisionscape.com\/en\/wp-json\/wp\/v2\/media?parent=205"}],"wp:term":[{"taxonomy":"product_brand","embeddable":true,"href":"https:\/\/marketvisionscape.com\/en\/wp-json\/wp\/v2\/product_brand?post=205"},{"taxonomy":"product_cat","embeddable":true,"href":"https:\/\/marketvisionscape.com\/en\/wp-json\/wp\/v2\/product_cat?post=205"},{"taxonomy":"product_tag","embeddable":true,"href":"https:\/\/marketvisionscape.com\/en\/wp-json\/wp\/v2\/product_tag?post=205"}],"curies":[{"name":"wp","href":"https:\/\/api.w.org\/{rel}","templated":true}]}}