{"id":180,"date":"2023-09-26T17:39:50","date_gmt":"2023-09-26T21:39:50","guid":{"rendered":"https:\/\/marketvisionscape.com\/?post_type=product&#038;p=180"},"modified":"2024-11-13T14:02:15","modified_gmt":"2024-11-13T18:02:15","slug":"optimizing-google-my-business","status":"publish","type":"product","link":"https:\/\/marketvisionscape.com\/en\/product\/optimizing-google-my-business\/","title":{"rendered":"Google My Business Optimization"},"content":{"rendered":"<p lang=\"en-US\" align=\"justify\"><span style=\"font-size: large\"><span lang=\"es-CR\"><b>Characteristics:<\/b><\/span><\/span><\/p>\n<p lang=\"en-US\" align=\"justify\">\u2022 <span style=\"font-size: large\"><span lang=\"es-CR\">Configuration and optimization of Google My Business profiles.<\/span><\/span><\/p>\n<p lang=\"en-US\" align=\"justify\">\u2022 <span style=\"font-size: large\"><span lang=\"es-CR\">Verification of the accuracy of contact information.<\/span><\/span><\/p>\n<p lang=\"en-US\" align=\"justify\">\u2022 <span style=\"font-size: large\"><span lang=\"es-CR\">Review management to improve your reputation.<\/span><\/span><\/p>","protected":false},"excerpt":{"rendered":"<p>Mejora tu presencia local con la optimizaci\u00f3n de Google My Business. Incluye configuraci\u00f3n del perfil, verificaci\u00f3n de datos y gesti\u00f3n de rese\u00f1as.<\/p>","protected":false},"featured_media":181,"template":"","meta":{"_acf_changed":false},"product_brand":[],"product_cat":[43,28],"product_tag":[],"class_list":{"0":"post-180","1":"product","2":"type-product","3":"status-publish","4":"has-post-thumbnail","6":"product_cat-seo-local-y-marketing","7":"product_cat-servicios-de-marketing-digital","9":"first","10":"instock","11":"taxable","12":"shipping-taxable","13":"purchasable","14":"product-type-simple"},"acf":{"im_status":"enabled","days_for_delivery":"3"},"aioseo_notices":[],"_links":{"self":[{"href":"https:\/\/marketvisionscape.com\/en\/wp-json\/wp\/v2\/product\/180","targetHints":{"allow":["GET"]}}],"collection":[{"href":"https:\/\/marketvisionscape.com\/en\/wp-json\/wp\/v2\/product"}],"about":[{"href":"https:\/\/marketvisionscape.com\/en\/wp-json\/wp\/v2\/types\/product"}],"wp:featuredmedia":[{"embeddable":true,"href":"https:\/\/marketvisionscape.com\/en\/wp-json\/wp\/v2\/media\/181"}],"wp:attachment":[{"href":"https:\/\/marketvisionscape.com\/en\/wp-json\/wp\/v2\/media?parent=180"}],"wp:term":[{"taxonomy":"product_brand","embeddable":true,"href":"https:\/\/marketvisionscape.com\/en\/wp-json\/wp\/v2\/product_brand?post=180"},{"taxonomy":"product_cat","embeddable":true,"href":"https:\/\/marketvisionscape.com\/en\/wp-json\/wp\/v2\/product_cat?post=180"},{"taxonomy":"product_tag","embeddable":true,"href":"https:\/\/marketvisionscape.com\/en\/wp-json\/wp\/v2\/product_tag?post=180"}],"curies":[{"name":"wp","href":"https:\/\/api.w.org\/{rel}","templated":true}]}}