{"id":167,"date":"2023-09-26T11:51:59","date_gmt":"2023-09-26T15:51:59","guid":{"rendered":"https:\/\/marketvisionscape.com\/?post_type=product&#038;p=167"},"modified":"2024-11-13T13:55:22","modified_gmt":"2024-11-13T17:55:22","slug":"mobile-applications-advertising","status":"publish","type":"product","link":"https:\/\/marketvisionscape.com\/en\/product\/mobile-applications-advertising\/","title":{"rendered":"Mobile Application Advertising"},"content":{"rendered":"<p lang=\"en-US\" align=\"justify\"><span style=\"font-size: large\"><span lang=\"es-CR\"><b>Characteristics:<\/b><\/span><\/span><\/p>\n<p lang=\"en-US\" align=\"justify\">\u2022 <span style=\"font-size: large\"><span lang=\"es-CR\">Creation and design of mobile application advertisements.<\/span><\/span><\/p>\n<p lang=\"en-US\" align=\"justify\">\u2022 <span style=\"font-size: large\"><span lang=\"es-CR\">Placement on relevant mobile platforms.<\/span><\/span><\/p>\n<p lang=\"en-US\" align=\"justify\">\u2022 <span style=\"font-size: large\"><span lang=\"es-CR\">Performance monitoring and optimization.<\/span><\/span><\/p>","protected":false},"excerpt":{"rendered":"<p>Incrementa las descargas y la interacci\u00f3n con tu app m\u00f3vil. Ofrecemos creaci\u00f3n y colocaci\u00f3n de anuncios espec\u00edficos para aplicaciones m\u00f3viles, con seguimiento detallado.<\/p>","protected":false},"featured_media":168,"template":"","meta":{"_acf_changed":false},"product_brand":[],"product_cat":[40,28],"product_tag":[],"class_list":{"0":"post-167","1":"product","2":"type-product","3":"status-publish","4":"has-post-thumbnail","6":"product_cat-marketing-movil","7":"product_cat-servicios-de-marketing-digital","9":"first","10":"instock","11":"virtual","12":"taxable","13":"purchasable","14":"product-type-simple"},"acf":{"im_status":"enabled","days_for_delivery":"6"},"aioseo_notices":[],"_links":{"self":[{"href":"https:\/\/marketvisionscape.com\/en\/wp-json\/wp\/v2\/product\/167","targetHints":{"allow":["GET"]}}],"collection":[{"href":"https:\/\/marketvisionscape.com\/en\/wp-json\/wp\/v2\/product"}],"about":[{"href":"https:\/\/marketvisionscape.com\/en\/wp-json\/wp\/v2\/types\/product"}],"wp:featuredmedia":[{"embeddable":true,"href":"https:\/\/marketvisionscape.com\/en\/wp-json\/wp\/v2\/media\/168"}],"wp:attachment":[{"href":"https:\/\/marketvisionscape.com\/en\/wp-json\/wp\/v2\/media?parent=167"}],"wp:term":[{"taxonomy":"product_brand","embeddable":true,"href":"https:\/\/marketvisionscape.com\/en\/wp-json\/wp\/v2\/product_brand?post=167"},{"taxonomy":"product_cat","embeddable":true,"href":"https:\/\/marketvisionscape.com\/en\/wp-json\/wp\/v2\/product_cat?post=167"},{"taxonomy":"product_tag","embeddable":true,"href":"https:\/\/marketvisionscape.com\/en\/wp-json\/wp\/v2\/product_tag?post=167"}],"curies":[{"name":"wp","href":"https:\/\/api.w.org\/{rel}","templated":true}]}}