{"id":165,"date":"2023-09-26T11:49:50","date_gmt":"2023-09-26T15:49:50","guid":{"rendered":"https:\/\/marketvisionscape.com\/?post_type=product&#038;p=165"},"modified":"2024-11-13T13:54:48","modified_gmt":"2024-11-13T17:54:48","slug":"video-advertising-banners","status":"publish","type":"product","link":"https:\/\/marketvisionscape.com\/en\/product\/video-advertising-banners\/","title":{"rendered":"Video Ad Campaigns"},"content":{"rendered":"<p lang=\"en-US\" align=\"justify\"><span style=\"font-size: large\"><span lang=\"es-CR\"><b>Characteristics:<\/b><\/span><\/span><\/p>\n<p lang=\"en-US\" align=\"justify\">\u2022 <span style=\"font-size: large\"><span lang=\"es-CR\">Creation and production of video commercials.<\/span><\/span><\/p>\n<p lang=\"en-US\" align=\"justify\">\u2022 <span style=\"font-size: large\"><span lang=\"es-CR\">Audience segmentation and ad placement.<\/span><\/span><\/p>\n<p lang=\"en-US\" align=\"justify\">\u2022 <span style=\"font-size: large\"><span lang=\"es-CR\">Campaign management and performance analysis.<\/span><\/span><\/p>","protected":false},"excerpt":{"rendered":"<p>Atrae a tu audiencia con campa\u00f1as de video marketing. Nos encargamos de la creaci\u00f3n, orientaci\u00f3n y gesti\u00f3n de anuncios en video en plataformas clave.<\/p>","protected":false},"featured_media":166,"template":"","meta":{"_acf_changed":false},"product_brand":[],"product_cat":[39,28],"product_tag":[],"class_list":{"0":"post-165","1":"product","2":"type-product","3":"status-publish","4":"has-post-thumbnail","6":"product_cat-marketing-de-video","7":"product_cat-servicios-de-marketing-digital","9":"first","10":"instock","11":"virtual","12":"taxable","13":"purchasable","14":"product-type-simple"},"acf":{"im_status":"enabled","days_for_delivery":"5"},"aioseo_notices":[],"_links":{"self":[{"href":"https:\/\/marketvisionscape.com\/en\/wp-json\/wp\/v2\/product\/165","targetHints":{"allow":["GET"]}}],"collection":[{"href":"https:\/\/marketvisionscape.com\/en\/wp-json\/wp\/v2\/product"}],"about":[{"href":"https:\/\/marketvisionscape.com\/en\/wp-json\/wp\/v2\/types\/product"}],"wp:featuredmedia":[{"embeddable":true,"href":"https:\/\/marketvisionscape.com\/en\/wp-json\/wp\/v2\/media\/166"}],"wp:attachment":[{"href":"https:\/\/marketvisionscape.com\/en\/wp-json\/wp\/v2\/media?parent=165"}],"wp:term":[{"taxonomy":"product_brand","embeddable":true,"href":"https:\/\/marketvisionscape.com\/en\/wp-json\/wp\/v2\/product_brand?post=165"},{"taxonomy":"product_cat","embeddable":true,"href":"https:\/\/marketvisionscape.com\/en\/wp-json\/wp\/v2\/product_cat?post=165"},{"taxonomy":"product_tag","embeddable":true,"href":"https:\/\/marketvisionscape.com\/en\/wp-json\/wp\/v2\/product_tag?post=165"}],"curies":[{"name":"wp","href":"https:\/\/api.w.org\/{rel}","templated":true}]}}