{"id":157,"date":"2023-09-26T11:30:20","date_gmt":"2023-09-26T15:30:20","guid":{"rendered":"https:\/\/marketvisionscape.com\/?post_type=product&#038;p=157"},"modified":"2024-11-13T13:52:40","modified_gmt":"2024-11-13T17:52:40","slug":"landing-page-optimization","status":"publish","type":"product","link":"https:\/\/marketvisionscape.com\/en\/product\/landing-page-optimization\/","title":{"rendered":"Landing Page Optimization"},"content":{"rendered":"<p lang=\"en-US\" align=\"justify\"><span style=\"font-size: large\"><span lang=\"es-CR\"><b>Characteristics:<\/b><\/span><\/span><\/p>\n<p lang=\"en-US\" align=\"justify\">\u2022 <span style=\"font-size: large\"><span lang=\"es-CR\">Design and creation of landing pages.<\/span><\/span><\/p>\n<p lang=\"en-US\" align=\"justify\">\u2022 <span style=\"font-size: large\"><span lang=\"es-CR\">A\/B testing for optimization.<\/span><\/span><\/p>\n<p lang=\"en-US\" align=\"justify\">\u2022 <span style=\"font-size: large\"><span lang=\"es-CR\">Analysis and improvement of conversion rates.<\/span><\/span><\/p>","protected":false},"excerpt":{"rendered":"<p>Incrementa las conversiones con p\u00e1ginas de destino optimizadas y estrat\u00e9gicas. Dise\u00f1amos, probamos y perfeccionamos tus landing pages para lograr resultados de alto rendimiento.<\/p>","protected":false},"featured_media":158,"template":"","meta":{"_acf_changed":false},"product_brand":[],"product_cat":[37,28],"product_tag":[],"class_list":{"0":"post-157","1":"product","2":"type-product","3":"status-publish","4":"has-post-thumbnail","6":"product_cat-desarrollo-web","7":"product_cat-servicios-de-marketing-digital","9":"first","10":"instock","11":"virtual","12":"taxable","13":"purchasable","14":"product-type-simple"},"acf":{"im_status":"enabled","days_for_delivery":"4"},"aioseo_notices":[],"_links":{"self":[{"href":"https:\/\/marketvisionscape.com\/en\/wp-json\/wp\/v2\/product\/157","targetHints":{"allow":["GET"]}}],"collection":[{"href":"https:\/\/marketvisionscape.com\/en\/wp-json\/wp\/v2\/product"}],"about":[{"href":"https:\/\/marketvisionscape.com\/en\/wp-json\/wp\/v2\/types\/product"}],"wp:featuredmedia":[{"embeddable":true,"href":"https:\/\/marketvisionscape.com\/en\/wp-json\/wp\/v2\/media\/158"}],"wp:attachment":[{"href":"https:\/\/marketvisionscape.com\/en\/wp-json\/wp\/v2\/media?parent=157"}],"wp:term":[{"taxonomy":"product_brand","embeddable":true,"href":"https:\/\/marketvisionscape.com\/en\/wp-json\/wp\/v2\/product_brand?post=157"},{"taxonomy":"product_cat","embeddable":true,"href":"https:\/\/marketvisionscape.com\/en\/wp-json\/wp\/v2\/product_cat?post=157"},{"taxonomy":"product_tag","embeddable":true,"href":"https:\/\/marketvisionscape.com\/en\/wp-json\/wp\/v2\/product_tag?post=157"}],"curies":[{"name":"wp","href":"https:\/\/api.w.org\/{rel}","templated":true}]}}