{"id":137,"date":"2023-09-26T11:04:44","date_gmt":"2023-09-26T15:04:44","guid":{"rendered":"https:\/\/marketvisionscape.com\/?post_type=product&#038;p=137"},"modified":"2024-11-13T13:46:33","modified_gmt":"2024-11-13T17:46:33","slug":"bing-ad-management","status":"publish","type":"product","link":"https:\/\/marketvisionscape.com\/en\/product\/bing-ad-management\/","title":{"rendered":"Bing Ad Management"},"content":{"rendered":"<p lang=\"en-US\" align=\"justify\"><span style=\"font-size: large\"><span lang=\"es-CR\"><b>Characteristics:<\/b><\/span><\/span><\/p>\n<p lang=\"en-US\" align=\"justify\">\u2022 <span style=\"font-size: large\"><span lang=\"es-CR\">Configuration and setup of Bing Ads campaigns.<\/span><\/span><\/p>\n<p lang=\"en-US\" align=\"justify\">\u2022 <span style=\"font-size: large\"><span lang=\"es-CR\">Keyword optimization for higher relevance.<\/span><\/span><\/p>\n<p lang=\"en-US\" align=\"justify\">\u2022 <span style=\"font-size: large\"><span lang=\"es-CR\">Bid management and budget follow-up.<\/span><\/span><\/p>","protected":false},"excerpt":{"rendered":"<p>Expande tu alcance con campa\u00f1as optimizadas en Bing Ads. Incluye configuraci\u00f3n completa, optimizaci\u00f3n de palabras clave y gesti\u00f3n de pujas para maximizar el retorno de la inversi\u00f3n.<\/p>","protected":false},"featured_media":138,"template":"","meta":{"_acf_changed":false},"product_brand":[],"product_cat":[33,28],"product_tag":[],"class_list":{"0":"post-137","1":"product","2":"type-product","3":"status-publish","4":"has-post-thumbnail","6":"product_cat-publicidad-de-pago-por-clic-ppc","7":"product_cat-servicios-de-marketing-digital","9":"first","10":"instock","11":"virtual","12":"taxable","13":"purchasable","14":"product-type-simple"},"acf":{"im_status":"enabled","days_for_delivery":"4"},"aioseo_notices":[],"_links":{"self":[{"href":"https:\/\/marketvisionscape.com\/en\/wp-json\/wp\/v2\/product\/137","targetHints":{"allow":["GET"]}}],"collection":[{"href":"https:\/\/marketvisionscape.com\/en\/wp-json\/wp\/v2\/product"}],"about":[{"href":"https:\/\/marketvisionscape.com\/en\/wp-json\/wp\/v2\/types\/product"}],"wp:featuredmedia":[{"embeddable":true,"href":"https:\/\/marketvisionscape.com\/en\/wp-json\/wp\/v2\/media\/138"}],"wp:attachment":[{"href":"https:\/\/marketvisionscape.com\/en\/wp-json\/wp\/v2\/media?parent=137"}],"wp:term":[{"taxonomy":"product_brand","embeddable":true,"href":"https:\/\/marketvisionscape.com\/en\/wp-json\/wp\/v2\/product_brand?post=137"},{"taxonomy":"product_cat","embeddable":true,"href":"https:\/\/marketvisionscape.com\/en\/wp-json\/wp\/v2\/product_cat?post=137"},{"taxonomy":"product_tag","embeddable":true,"href":"https:\/\/marketvisionscape.com\/en\/wp-json\/wp\/v2\/product_tag?post=137"}],"curies":[{"name":"wp","href":"https:\/\/api.w.org\/{rel}","templated":true}]}}