{"id":135,"date":"2023-09-26T10:58:08","date_gmt":"2023-09-26T14:58:08","guid":{"rendered":"https:\/\/marketvisionscape.com\/?post_type=product&#038;p=135"},"modified":"2024-11-13T13:46:01","modified_gmt":"2024-11-13T17:46:01","slug":"google-ads","status":"publish","type":"product","link":"https:\/\/marketvisionscape.com\/en\/product\/google-ads\/","title":{"rendered":"Google Ads Campaign"},"content":{"rendered":"<p lang=\"en-US\" align=\"justify\"><span style=\"font-size: large\"><span lang=\"es-CR\"><b>Characteristics:<\/b><\/span><\/span><\/p>\n<p lang=\"en-US\" align=\"justify\">\u2022 <span style=\"font-size: large\"><span lang=\"es-CR\">Writing and design of advertisements.<\/span><\/span><\/p>\n<p lang=\"en-US\" align=\"justify\">\u2022 <span style=\"font-size: large\"><span lang=\"es-CR\">Keyword research and selection.<\/span><\/span><\/p>\n<p lang=\"en-US\" align=\"justify\">\u2022 <span style=\"font-size: large\"><span lang=\"es-CR\">Monthly performance reports with optimization recommendations.<\/span><\/span><\/p>","protected":false},"excerpt":{"rendered":"<p>Impulsa tu visibilidad en Google con nuestras campa\u00f1as de Google Ads optimizadas. Nos encargamos de la redacci\u00f3n de anuncios, investigaci\u00f3n avanzada de palabras clave y ofrecemos informes mensuales de resultados.<\/p>","protected":false},"featured_media":136,"template":"","meta":{"_acf_changed":false},"product_brand":[],"product_cat":[33,28],"product_tag":[],"class_list":{"0":"post-135","1":"product","2":"type-product","3":"status-publish","4":"has-post-thumbnail","6":"product_cat-publicidad-de-pago-por-clic-ppc","7":"product_cat-servicios-de-marketing-digital","9":"first","10":"instock","11":"virtual","12":"taxable","13":"purchasable","14":"product-type-simple"},"acf":{"im_status":"enabled","days_for_delivery":"3"},"aioseo_notices":[],"_links":{"self":[{"href":"https:\/\/marketvisionscape.com\/en\/wp-json\/wp\/v2\/product\/135","targetHints":{"allow":["GET"]}}],"collection":[{"href":"https:\/\/marketvisionscape.com\/en\/wp-json\/wp\/v2\/product"}],"about":[{"href":"https:\/\/marketvisionscape.com\/en\/wp-json\/wp\/v2\/types\/product"}],"wp:featuredmedia":[{"embeddable":true,"href":"https:\/\/marketvisionscape.com\/en\/wp-json\/wp\/v2\/media\/136"}],"wp:attachment":[{"href":"https:\/\/marketvisionscape.com\/en\/wp-json\/wp\/v2\/media?parent=135"}],"wp:term":[{"taxonomy":"product_brand","embeddable":true,"href":"https:\/\/marketvisionscape.com\/en\/wp-json\/wp\/v2\/product_brand?post=135"},{"taxonomy":"product_cat","embeddable":true,"href":"https:\/\/marketvisionscape.com\/en\/wp-json\/wp\/v2\/product_cat?post=135"},{"taxonomy":"product_tag","embeddable":true,"href":"https:\/\/marketvisionscape.com\/en\/wp-json\/wp\/v2\/product_tag?post=135"}],"curies":[{"name":"wp","href":"https:\/\/api.w.org\/{rel}","templated":true}]}}