{"id":133,"date":"2023-09-26T10:55:49","date_gmt":"2023-09-26T14:55:49","guid":{"rendered":"https:\/\/marketvisionscape.com\/?post_type=product&#038;p=133"},"modified":"2024-11-13T13:45:26","modified_gmt":"2024-11-13T17:45:26","slug":"drip-campaigns","status":"publish","type":"product","link":"https:\/\/marketvisionscape.com\/en\/product\/drip-campaigns\/","title":{"rendered":"Drip Campaigns"},"content":{"rendered":"<p lang=\"en-US\" align=\"justify\"><span style=\"font-size: large\"><span lang=\"es-CR\"><b>Characteristics:<\/b><\/span><\/span><\/p>\n<p lang=\"en-US\" align=\"justify\">\u2022 <span style=\"font-size: large\"><span lang=\"es-CR\">Configuration of automated drip campaigns.<\/span><\/span><\/p>\n<p lang=\"en-US\" align=\"justify\">\u2022 <span style=\"font-size: large\"><span lang=\"es-CR\">Creation and optimization of e-mail sequences.<\/span><\/span><\/p>\n<p lang=\"en-US\" align=\"justify\">\u2022 <span style=\"font-size: large\"><span lang=\"es-CR\">Scoring of prospects for priority follow-up.<\/span><\/span><\/p>","protected":false},"excerpt":{"rendered":"<p>Transforma prospectos en clientes leales mediante campa\u00f1as de goteo automatizadas y estrat\u00e9gicas. Incluye configuraci\u00f3n de campa\u00f1as, creaci\u00f3n de secuencias de correos electr\u00f3nicos y calificaci\u00f3n de prospectos.<\/p>","protected":false},"featured_media":134,"template":"","meta":{"_acf_changed":false},"product_brand":[],"product_cat":[32,28],"product_tag":[],"class_list":{"0":"post-133","1":"product","2":"type-product","3":"status-publish","4":"has-post-thumbnail","6":"product_cat-marketing-por-correo-electronico","7":"product_cat-servicios-de-marketing-digital","9":"first","10":"instock","11":"taxable","12":"shipping-taxable","13":"purchasable","14":"product-type-simple"},"acf":{"im_status":"enabled","days_for_delivery":"3"},"aioseo_notices":[],"_links":{"self":[{"href":"https:\/\/marketvisionscape.com\/en\/wp-json\/wp\/v2\/product\/133","targetHints":{"allow":["GET"]}}],"collection":[{"href":"https:\/\/marketvisionscape.com\/en\/wp-json\/wp\/v2\/product"}],"about":[{"href":"https:\/\/marketvisionscape.com\/en\/wp-json\/wp\/v2\/types\/product"}],"wp:featuredmedia":[{"embeddable":true,"href":"https:\/\/marketvisionscape.com\/en\/wp-json\/wp\/v2\/media\/134"}],"wp:attachment":[{"href":"https:\/\/marketvisionscape.com\/en\/wp-json\/wp\/v2\/media?parent=133"}],"wp:term":[{"taxonomy":"product_brand","embeddable":true,"href":"https:\/\/marketvisionscape.com\/en\/wp-json\/wp\/v2\/product_brand?post=133"},{"taxonomy":"product_cat","embeddable":true,"href":"https:\/\/marketvisionscape.com\/en\/wp-json\/wp\/v2\/product_cat?post=133"},{"taxonomy":"product_tag","embeddable":true,"href":"https:\/\/marketvisionscape.com\/en\/wp-json\/wp\/v2\/product_tag?post=133"}],"curies":[{"name":"wp","href":"https:\/\/api.w.org\/{rel}","templated":true}]}}