{"id":131,"date":"2023-09-26T10:48:50","date_gmt":"2023-09-26T14:48:50","guid":{"rendered":"https:\/\/marketvisionscape.com\/?post_type=product&#038;p=131"},"modified":"2024-11-13T13:44:52","modified_gmt":"2024-11-13T17:44:52","slug":"newsletter-design-and-management","status":"publish","type":"product","link":"https:\/\/marketvisionscape.com\/en\/product\/newsletter-design-and-management\/","title":{"rendered":"Newsletter Design and Management"},"content":{"rendered":"<p lang=\"en-US\" align=\"justify\"><span style=\"font-size: large\"><span lang=\"es-CR\"><b>Characteristics:<\/b><\/span><\/span><\/p>\n<p lang=\"en-US\" align=\"justify\">\u2022 <span style=\"font-size: large\"><span lang=\"es-CR\">Creation of monthly newsletters.<\/span><\/span><\/p>\n<p lang=\"en-US\" align=\"justify\">\u2022 <span style=\"font-size: large\"><span lang=\"es-CR\">Subscriber list management and growth strategies.<\/span><\/span><\/p>\n<p lang=\"en-US\" align=\"justify\">\u2022 <span style=\"font-size: large\"><span lang=\"es-CR\">Performance analysis and optimization recommendations<\/span><\/span><\/p>","protected":false},"excerpt":{"rendered":"<p>Mant\u00e9n a tus suscriptores comprometidos y fieles con nuestro plan de gesti\u00f3n de boletines. Dise\u00f1amos un bolet\u00edn mensual a medida, gestionamos tu lista de suscriptores y ofrecemos an\u00e1lisis detallados de rendimiento.<\/p>","protected":false},"featured_media":132,"template":"","meta":{"_acf_changed":false},"product_brand":[],"product_cat":[32,28],"product_tag":[],"class_list":{"0":"post-131","1":"product","2":"type-product","3":"status-publish","4":"has-post-thumbnail","6":"product_cat-marketing-por-correo-electronico","7":"product_cat-servicios-de-marketing-digital","9":"first","10":"instock","11":"virtual","12":"taxable","13":"purchasable","14":"product-type-simple"},"acf":{"im_status":"enabled","days_for_delivery":"2"},"aioseo_notices":[],"_links":{"self":[{"href":"https:\/\/marketvisionscape.com\/en\/wp-json\/wp\/v2\/product\/131","targetHints":{"allow":["GET"]}}],"collection":[{"href":"https:\/\/marketvisionscape.com\/en\/wp-json\/wp\/v2\/product"}],"about":[{"href":"https:\/\/marketvisionscape.com\/en\/wp-json\/wp\/v2\/types\/product"}],"wp:featuredmedia":[{"embeddable":true,"href":"https:\/\/marketvisionscape.com\/en\/wp-json\/wp\/v2\/media\/132"}],"wp:attachment":[{"href":"https:\/\/marketvisionscape.com\/en\/wp-json\/wp\/v2\/media?parent=131"}],"wp:term":[{"taxonomy":"product_brand","embeddable":true,"href":"https:\/\/marketvisionscape.com\/en\/wp-json\/wp\/v2\/product_brand?post=131"},{"taxonomy":"product_cat","embeddable":true,"href":"https:\/\/marketvisionscape.com\/en\/wp-json\/wp\/v2\/product_cat?post=131"},{"taxonomy":"product_tag","embeddable":true,"href":"https:\/\/marketvisionscape.com\/en\/wp-json\/wp\/v2\/product_tag?post=131"}],"curies":[{"name":"wp","href":"https:\/\/api.w.org\/{rel}","templated":true}]}}