{"id":129,"date":"2023-09-26T10:47:05","date_gmt":"2023-09-26T14:47:05","guid":{"rendered":"https:\/\/marketvisionscape.com\/?post_type=product&#038;p=129"},"modified":"2024-11-13T13:44:08","modified_gmt":"2024-11-13T17:44:08","slug":"electronic-mail","status":"publish","type":"product","link":"https:\/\/marketvisionscape.com\/en\/product\/electronic-mail\/","title":{"rendered":"Email Campaigns"},"content":{"rendered":"<p lang=\"en-US\" align=\"justify\"><span style=\"font-size: large\"><span lang=\"es-CR\"><b>Characteristics:<\/b><\/span><\/span><\/p>\n<p lang=\"en-US\" align=\"justify\">\u2022 <span style=\"font-size: large\"><span lang=\"es-CR\">Custom design of e-mail templates.<\/span><\/span><\/p>\n<p lang=\"en-US\" align=\"justify\">\u2022 <span style=\"font-size: large\"><span lang=\"es-CR\">A\/B testing for better performance.<\/span><\/span><\/p>\n<p lang=\"en-US\" align=\"justify\">\u2022 <span style=\"font-size: large\"><span lang=\"es-CR\">Detailed analysis and reports.<\/span><\/span><\/p>","protected":false},"excerpt":{"rendered":"<p>Fortalece la conexi\u00f3n con tu audiencia a trav\u00e9s de campa\u00f1as de correo electr\u00f3nico efectivas y personalizadas. Nuestro servicio abarca el dise\u00f1o de plantillas optimizadas, pruebas A\/B, y an\u00e1lisis detallados con informes de rendimiento.<\/p>","protected":false},"featured_media":130,"template":"","meta":{"_acf_changed":false},"product_brand":[],"product_cat":[32,28],"product_tag":[],"class_list":{"0":"post-129","1":"product","2":"type-product","3":"status-publish","4":"has-post-thumbnail","6":"product_cat-marketing-por-correo-electronico","7":"product_cat-servicios-de-marketing-digital","9":"first","10":"instock","11":"taxable","12":"shipping-taxable","13":"purchasable","14":"product-type-simple"},"acf":{"im_status":"enabled","days_for_delivery":"2"},"aioseo_notices":[],"_links":{"self":[{"href":"https:\/\/marketvisionscape.com\/en\/wp-json\/wp\/v2\/product\/129","targetHints":{"allow":["GET"]}}],"collection":[{"href":"https:\/\/marketvisionscape.com\/en\/wp-json\/wp\/v2\/product"}],"about":[{"href":"https:\/\/marketvisionscape.com\/en\/wp-json\/wp\/v2\/types\/product"}],"wp:featuredmedia":[{"embeddable":true,"href":"https:\/\/marketvisionscape.com\/en\/wp-json\/wp\/v2\/media\/130"}],"wp:attachment":[{"href":"https:\/\/marketvisionscape.com\/en\/wp-json\/wp\/v2\/media?parent=129"}],"wp:term":[{"taxonomy":"product_brand","embeddable":true,"href":"https:\/\/marketvisionscape.com\/en\/wp-json\/wp\/v2\/product_brand?post=129"},{"taxonomy":"product_cat","embeddable":true,"href":"https:\/\/marketvisionscape.com\/en\/wp-json\/wp\/v2\/product_cat?post=129"},{"taxonomy":"product_tag","embeddable":true,"href":"https:\/\/marketvisionscape.com\/en\/wp-json\/wp\/v2\/product_tag?post=129"}],"curies":[{"name":"wp","href":"https:\/\/api.w.org\/{rel}","templated":true}]}}