{"id":125,"date":"2023-09-26T10:36:41","date_gmt":"2023-09-26T14:36:41","guid":{"rendered":"https:\/\/marketvisionscape.com\/?post_type=product&#038;p=125"},"modified":"2024-11-13T13:42:41","modified_gmt":"2024-11-13T17:42:41","slug":"plan-of-marketing-on-linkedin","status":"publish","type":"product","link":"https:\/\/marketvisionscape.com\/en\/product\/plan-of-marketing-on-linkedin\/","title":{"rendered":"Plan the Marketing and LinkedIn"},"content":{"rendered":"<p lang=\"en-US\" align=\"justify\"><span style=\"font-size: large\"><span lang=\"es-CR\"><b>Characteristics:<\/b><\/span><\/span><\/p>\n<p lang=\"en-US\" align=\"justify\">\u2022 <span style=\"font-size: large\"><span lang=\"es-CR\">Optimization of the profile for a professional presence.<\/span><\/span><\/p>\n<p lang=\"en-US\" align=\"justify\">\u2022 <span style=\"font-size: large\"><span lang=\"es-CR\">Content sharing and promotion.<\/span><\/span><\/p>\n<p lang=\"en-US\" align=\"justify\">\u2022 <span style=\"font-size: large\"><span lang=\"es-CR\">Creating connections and interaction with industry professionals.<\/span><\/span><\/p>","protected":false},"excerpt":{"rendered":"<p>Potencia tu marca profesional en LinkedIn con un plan de marketing integral. Optimizaci\u00f3n de perfiles, creaci\u00f3n de contenido y estrategias de conexi\u00f3n para mejorar tu presencia y alcance en esta red profesional.<\/p>","protected":false},"featured_media":126,"template":"","meta":{"_acf_changed":false},"product_brand":[],"product_cat":[31,28],"product_tag":[],"class_list":{"0":"post-125","1":"product","2":"type-product","3":"status-publish","4":"has-post-thumbnail","6":"product_cat-marketing-en-redes-sociales","7":"product_cat-servicios-de-marketing-digital","9":"first","10":"instock","11":"virtual","12":"taxable","13":"purchasable","14":"product-type-simple"},"acf":{"im_status":"enabled","days_for_delivery":"3"},"aioseo_notices":[],"_links":{"self":[{"href":"https:\/\/marketvisionscape.com\/en\/wp-json\/wp\/v2\/product\/125","targetHints":{"allow":["GET"]}}],"collection":[{"href":"https:\/\/marketvisionscape.com\/en\/wp-json\/wp\/v2\/product"}],"about":[{"href":"https:\/\/marketvisionscape.com\/en\/wp-json\/wp\/v2\/types\/product"}],"wp:featuredmedia":[{"embeddable":true,"href":"https:\/\/marketvisionscape.com\/en\/wp-json\/wp\/v2\/media\/126"}],"wp:attachment":[{"href":"https:\/\/marketvisionscape.com\/en\/wp-json\/wp\/v2\/media?parent=125"}],"wp:term":[{"taxonomy":"product_brand","embeddable":true,"href":"https:\/\/marketvisionscape.com\/en\/wp-json\/wp\/v2\/product_brand?post=125"},{"taxonomy":"product_cat","embeddable":true,"href":"https:\/\/marketvisionscape.com\/en\/wp-json\/wp\/v2\/product_cat?post=125"},{"taxonomy":"product_tag","embeddable":true,"href":"https:\/\/marketvisionscape.com\/en\/wp-json\/wp\/v2\/product_tag?post=125"}],"curies":[{"name":"wp","href":"https:\/\/api.w.org\/{rel}","templated":true}]}}