{"id":1108,"date":"2023-10-04T14:10:51","date_gmt":"2023-10-04T18:10:51","guid":{"rendered":"https:\/\/marketvisionscape.com\/?post_type=product&#038;p=1108"},"modified":"2024-11-13T14:20:56","modified_gmt":"2024-11-13T18:20:56","slug":"audit-and-optimization-of-web-sites","status":"publish","type":"product","link":"https:\/\/marketvisionscape.com\/en\/product\/audit-and-optimization-of-web-sites\/","title":{"rendered":"Website Auditing and Optimization"},"content":{"rendered":"<p lang=\"en-US\" align=\"justify\"><span style=\"font-size: large\"><span lang=\"es-CR\"><b>Key Features:<\/b><\/span><\/span><\/p>\n<ul>\n<li>\n<p lang=\"en-US\" align=\"justify\"><span style=\"font-size: large\"><span lang=\"es-CR\">Technical SEO Audit<\/span><\/span><\/p>\n<\/li>\n<li>\n<p lang=\"en-US\" align=\"justify\"><span style=\"font-size: large\"><span lang=\"es-CR\">Site Speed Optimization<\/span><\/span><\/p>\n<\/li>\n<li>\n<p lang=\"en-US\" align=\"justify\"><span style=\"font-size: large\"><span lang=\"es-CR\">User Experience Enhancements<\/span><\/span><\/p>\n<\/li>\n<\/ul>","protected":false},"excerpt":{"rendered":"<p>Asegura el rendimiento \u00f3ptimo de tu sitio web con nuestra Auditor\u00eda y Optimizaci\u00f3n. Detectamos problemas t\u00e9cnicos, mejoramos la velocidad y optimizamos la experiencia del usuario.<\/p>","protected":false},"featured_media":1109,"template":"","meta":{"_acf_changed":false},"product_brand":[],"product_cat":[55],"product_tag":[],"class_list":{"0":"post-1108","1":"product","2":"type-product","3":"status-publish","4":"has-post-thumbnail","6":"product_cat-precios-pequenos","8":"first","9":"instock","10":"virtual","11":"taxable","12":"purchasable","13":"product-type-simple"},"acf":{"im_status":"enabled","days_for_delivery":"2"},"aioseo_notices":[],"_links":{"self":[{"href":"https:\/\/marketvisionscape.com\/en\/wp-json\/wp\/v2\/product\/1108","targetHints":{"allow":["GET"]}}],"collection":[{"href":"https:\/\/marketvisionscape.com\/en\/wp-json\/wp\/v2\/product"}],"about":[{"href":"https:\/\/marketvisionscape.com\/en\/wp-json\/wp\/v2\/types\/product"}],"wp:featuredmedia":[{"embeddable":true,"href":"https:\/\/marketvisionscape.com\/en\/wp-json\/wp\/v2\/media\/1109"}],"wp:attachment":[{"href":"https:\/\/marketvisionscape.com\/en\/wp-json\/wp\/v2\/media?parent=1108"}],"wp:term":[{"taxonomy":"product_brand","embeddable":true,"href":"https:\/\/marketvisionscape.com\/en\/wp-json\/wp\/v2\/product_brand?post=1108"},{"taxonomy":"product_cat","embeddable":true,"href":"https:\/\/marketvisionscape.com\/en\/wp-json\/wp\/v2\/product_cat?post=1108"},{"taxonomy":"product_tag","embeddable":true,"href":"https:\/\/marketvisionscape.com\/en\/wp-json\/wp\/v2\/product_tag?post=1108"}],"curies":[{"name":"wp","href":"https:\/\/api.w.org\/{rel}","templated":true}]}}