{"id":1100,"date":"2023-10-04T14:05:55","date_gmt":"2023-10-04T18:05:55","guid":{"rendered":"https:\/\/marketvisionscape.com\/?post_type=product&#038;p=1100"},"modified":"2024-11-13T14:18:31","modified_gmt":"2024-11-13T18:18:31","slug":"starter-package-of-seo","status":"publish","type":"product","link":"https:\/\/marketvisionscape.com\/en\/product\/starter-package-of-seo\/","title":{"rendered":"SEO Starter Package"},"content":{"rendered":"<p lang=\"en-US\" align=\"justify\"><span style=\"font-size: large\"><span lang=\"es-CR\"><b>Key Features:<\/b><\/span><\/span><\/p>\n<ul>\n<li>\n<p lang=\"en-US\" align=\"justify\"><span style=\"font-size: large\"><span lang=\"es-CR\">On-Page SEO Analysis<\/span><\/span><\/p>\n<\/li>\n<li>\n<p lang=\"en-US\" align=\"justify\"><span style=\"font-size: large\"><span lang=\"es-CR\">Keyword Research<\/span><\/span><\/p>\n<\/li>\n<li>\n<p lang=\"en-US\" align=\"justify\"><span style=\"font-size: large\"><span lang=\"es-CR\">SEO Recommendations<\/span><\/span><\/p>\n<\/li>\n<\/ul>","protected":false},"excerpt":{"rendered":"<p>Mejora la visibilidad de tu sitio web con nuestro Paquete Inicial de SEO. Realizamos optimizaci\u00f3n en el sitio, investigaci\u00f3n de palabras clave y te brindamos recomendaciones para mejorar tu ranking en los motores de b\u00fasqueda.<\/p>","protected":false},"featured_media":1101,"template":"","meta":{"_acf_changed":false},"product_brand":[],"product_cat":[55],"product_tag":[],"class_list":{"0":"post-1100","1":"product","2":"type-product","3":"status-publish","4":"has-post-thumbnail","6":"product_cat-precios-pequenos","8":"first","9":"instock","10":"virtual","11":"taxable","12":"purchasable","13":"product-type-simple"},"acf":{"im_status":"enabled","days_for_delivery":"2"},"aioseo_notices":[],"_links":{"self":[{"href":"https:\/\/marketvisionscape.com\/en\/wp-json\/wp\/v2\/product\/1100","targetHints":{"allow":["GET"]}}],"collection":[{"href":"https:\/\/marketvisionscape.com\/en\/wp-json\/wp\/v2\/product"}],"about":[{"href":"https:\/\/marketvisionscape.com\/en\/wp-json\/wp\/v2\/types\/product"}],"wp:featuredmedia":[{"embeddable":true,"href":"https:\/\/marketvisionscape.com\/en\/wp-json\/wp\/v2\/media\/1101"}],"wp:attachment":[{"href":"https:\/\/marketvisionscape.com\/en\/wp-json\/wp\/v2\/media?parent=1100"}],"wp:term":[{"taxonomy":"product_brand","embeddable":true,"href":"https:\/\/marketvisionscape.com\/en\/wp-json\/wp\/v2\/product_brand?post=1100"},{"taxonomy":"product_cat","embeddable":true,"href":"https:\/\/marketvisionscape.com\/en\/wp-json\/wp\/v2\/product_cat?post=1100"},{"taxonomy":"product_tag","embeddable":true,"href":"https:\/\/marketvisionscape.com\/en\/wp-json\/wp\/v2\/product_tag?post=1100"}],"curies":[{"name":"wp","href":"https:\/\/api.w.org\/{rel}","templated":true}]}}