{"id":1098,"date":"2023-10-04T14:04:43","date_gmt":"2023-10-04T18:04:43","guid":{"rendered":"https:\/\/marketvisionscape.com\/?post_type=product&#038;p=1098"},"modified":"2024-11-13T14:17:49","modified_gmt":"2024-11-13T18:17:49","slug":"basic-email-marketing-consultancy","status":"publish","type":"product","link":"https:\/\/marketvisionscape.com\/en\/product\/basic-email-marketing-consultancy\/","title":{"rendered":"Basic Email Marketing Consultancy"},"content":{"rendered":"<p lang=\"en-US\" align=\"justify\"><span style=\"font-size: large\"><span lang=\"es-CR\"><b>Key Features:<\/b><\/span><\/span><\/p>\n<ul>\n<li>\n<p lang=\"en-US\" align=\"justify\"><span style=\"font-size: large\"><span lang=\"es-CR\">Customized Mailing Templates<\/span><\/span><\/p>\n<\/li>\n<li>\n<p lang=\"en-US\" align=\"justify\"><span style=\"font-size: large\"><span lang=\"es-CR\">Subscriber Management<\/span><\/span><\/p>\n<\/li>\n<li>\n<p lang=\"en-US\" align=\"justify\"><span style=\"font-size: large\"><span lang=\"es-CR\">Performance Tracking<\/span><\/span><\/p>\n<\/li>\n<\/ul>","protected":false},"excerpt":{"rendered":"<p>Optimiza tu alcance mediante correo electr\u00f3nico con nuestra Asesor\u00eda B\u00e1sica de Marketing por Correo Electr\u00f3nico. Dise\u00f1amos campa\u00f1as efectivas, gestionamos tu lista de suscriptores y proporcionamos an\u00e1lisis de resultados.<\/p>","protected":false},"featured_media":1099,"template":"","meta":{"_acf_changed":false},"product_brand":[],"product_cat":[55],"product_tag":[],"class_list":{"0":"post-1098","1":"product","2":"type-product","3":"status-publish","4":"has-post-thumbnail","6":"product_cat-precios-pequenos","8":"first","9":"instock","10":"virtual","11":"taxable","12":"purchasable","13":"product-type-simple"},"acf":{"im_status":"enabled","days_for_delivery":"2"},"aioseo_notices":[],"_links":{"self":[{"href":"https:\/\/marketvisionscape.com\/en\/wp-json\/wp\/v2\/product\/1098","targetHints":{"allow":["GET"]}}],"collection":[{"href":"https:\/\/marketvisionscape.com\/en\/wp-json\/wp\/v2\/product"}],"about":[{"href":"https:\/\/marketvisionscape.com\/en\/wp-json\/wp\/v2\/types\/product"}],"wp:featuredmedia":[{"embeddable":true,"href":"https:\/\/marketvisionscape.com\/en\/wp-json\/wp\/v2\/media\/1099"}],"wp:attachment":[{"href":"https:\/\/marketvisionscape.com\/en\/wp-json\/wp\/v2\/media?parent=1098"}],"wp:term":[{"taxonomy":"product_brand","embeddable":true,"href":"https:\/\/marketvisionscape.com\/en\/wp-json\/wp\/v2\/product_brand?post=1098"},{"taxonomy":"product_cat","embeddable":true,"href":"https:\/\/marketvisionscape.com\/en\/wp-json\/wp\/v2\/product_cat?post=1098"},{"taxonomy":"product_tag","embeddable":true,"href":"https:\/\/marketvisionscape.com\/en\/wp-json\/wp\/v2\/product_tag?post=1098"}],"curies":[{"name":"wp","href":"https:\/\/api.w.org\/{rel}","templated":true}]}}