{"id":1096,"date":"2023-10-04T14:03:33","date_gmt":"2023-10-04T18:03:33","guid":{"rendered":"https:\/\/marketvisionscape.com\/?post_type=product&#038;p=1096"},"modified":"2024-11-13T14:17:15","modified_gmt":"2024-11-13T18:17:15","slug":"basic-social-media-consulting","status":"publish","type":"product","link":"https:\/\/marketvisionscape.com\/en\/product\/basic-social-media-consulting\/","title":{"rendered":"Basic Social Media Consulting"},"content":{"rendered":"<p lang=\"en-US\" align=\"justify\"><span style=\"font-size: large\"><span lang=\"es-CR\"><b>Key Features:<\/b><\/span><\/span><\/p>\n<ul>\n<li>\n<p lang=\"en-US\" align=\"justify\"><span style=\"font-size: large\"><span lang=\"es-CR\">Content Creation<\/span><\/span><\/p>\n<\/li>\n<li>\n<p lang=\"en-US\" align=\"justify\"><span style=\"font-size: large\"><span lang=\"es-CR\">Publications Programming<\/span><\/span><\/p>\n<\/li>\n<li>\n<p lang=\"en-US\" align=\"justify\"><span style=\"font-size: large\"><span lang=\"es-CR\">Follower Growth Strategy<\/span><\/span><\/p>\n<\/li>\n<\/ul>","protected":false},"excerpt":{"rendered":"<p>Fortalece tu presencia digital con nuestro servicio de Asesor\u00eda B\u00e1sica en Redes Sociales. Creamos contenido atractivo, gestionamos la programaci\u00f3n de publicaciones y te ayudamos a construir una comunidad activa de seguidores.<\/p>","protected":false},"featured_media":1097,"template":"","meta":{"_acf_changed":false},"product_brand":[],"product_cat":[55],"product_tag":[],"class_list":{"0":"post-1096","1":"product","2":"type-product","3":"status-publish","4":"has-post-thumbnail","6":"product_cat-precios-pequenos","8":"first","9":"instock","10":"virtual","11":"taxable","12":"purchasable","13":"product-type-simple"},"acf":{"im_status":"enabled","days_for_delivery":"2"},"aioseo_notices":[],"_links":{"self":[{"href":"https:\/\/marketvisionscape.com\/en\/wp-json\/wp\/v2\/product\/1096","targetHints":{"allow":["GET"]}}],"collection":[{"href":"https:\/\/marketvisionscape.com\/en\/wp-json\/wp\/v2\/product"}],"about":[{"href":"https:\/\/marketvisionscape.com\/en\/wp-json\/wp\/v2\/types\/product"}],"wp:featuredmedia":[{"embeddable":true,"href":"https:\/\/marketvisionscape.com\/en\/wp-json\/wp\/v2\/media\/1097"}],"wp:attachment":[{"href":"https:\/\/marketvisionscape.com\/en\/wp-json\/wp\/v2\/media?parent=1096"}],"wp:term":[{"taxonomy":"product_brand","embeddable":true,"href":"https:\/\/marketvisionscape.com\/en\/wp-json\/wp\/v2\/product_brand?post=1096"},{"taxonomy":"product_cat","embeddable":true,"href":"https:\/\/marketvisionscape.com\/en\/wp-json\/wp\/v2\/product_cat?post=1096"},{"taxonomy":"product_tag","embeddable":true,"href":"https:\/\/marketvisionscape.com\/en\/wp-json\/wp\/v2\/product_tag?post=1096"}],"curies":[{"name":"wp","href":"https:\/\/api.w.org\/{rel}","templated":true}]}}