{"id":34,"date":"2023-09-25T12:41:08","date_gmt":"2023-09-25T16:41:08","guid":{"rendered":"https:\/\/marketvisionscape.com\/?page_id=34"},"modified":"2024-12-11T15:55:25","modified_gmt":"2024-12-11T19:55:25","slug":"terms-and-conditions","status":"publish","type":"page","link":"https:\/\/marketvisionscape.com\/en\/terms-and-conditions\/","title":{"rendered":"Terms and Conditions"},"content":{"rendered":"<div data-elementor-type=\"wp-page\" data-elementor-id=\"34\" class=\"elementor elementor-34\" data-elementor-post-type=\"page\">\n\t\t\t\t\t\t<section class=\"elementor-section elementor-top-section elementor-element elementor-element-aafb0c8 elementor-section-boxed elementor-section-height-default elementor-section-height-default\" data-id=\"aafb0c8\" data-element_type=\"section\" data-e-type=\"section\" data-settings=\"{&quot;background_background&quot;:&quot;classic&quot;}\">\n\t\t\t\t\t\t\t<div class=\"elementor-background-overlay\"><\/div>\n\t\t\t\t\t\t\t<div class=\"elementor-container elementor-column-gap-wider\">\n\t\t\t\t\t<div class=\"elementor-column elementor-col-100 elementor-top-column elementor-element elementor-element-1eb5d704\" data-id=\"1eb5d704\" data-element_type=\"column\" data-e-type=\"column\">\n\t\t\t<div class=\"elementor-widget-wrap elementor-element-populated\">\n\t\t\t\t\t\t<div class=\"elementor-element elementor-element-9a2e1fc elementor-widget__width-initial elementor-invisible elementor-widget elementor-widget-text-editor\" data-id=\"9a2e1fc\" data-element_type=\"widget\" data-e-type=\"widget\" data-settings=\"{&quot;_animation&quot;:&quot;fadeInUp&quot;}\" data-widget_type=\"text-editor.default\">\n\t\t\t\t<div class=\"elementor-widget-container\">\n\t\t\t\t\t\t\t\t\t<p lang=\"en-US\" style=\"text-align: center\" align=\"justify\"><span style=\"font-size: large\"><span lang=\"es-CR\">Market Vision Scape &#8211; <\/span><\/span><span style=\"font-size: large\"><span lang=\"es-CR\">Igniting your Brand's Digital Journey<\/span><\/span><\/p>\t\t\t\t\t\t\t\t<\/div>\n\t\t\t\t<\/div>\n\t\t\t\t<div class=\"elementor-element elementor-element-944fab6 elementor-widget-divider--view-line elementor-widget elementor-widget-divider\" data-id=\"944fab6\" data-element_type=\"widget\" data-e-type=\"widget\" data-widget_type=\"divider.default\">\n\t\t\t\t<div class=\"elementor-widget-container\">\n\t\t\t\t\t\t\t<div class=\"elementor-divider\">\n\t\t\t<span class=\"elementor-divider-separator\">\n\t\t\t\t\t\t<\/span>\n\t\t<\/div>\n\t\t\t\t\t\t<\/div>\n\t\t\t\t<\/div>\n\t\t\t\t\t<\/div>\n\t\t<\/div>\n\t\t\t\t\t<\/div>\n\t\t<\/section>\n\t\t\t\t<section class=\"elementor-section elementor-top-section elementor-element elementor-element-1e226898 elementor-section-boxed elementor-section-height-default elementor-section-height-default\" data-id=\"1e226898\" data-element_type=\"section\" data-e-type=\"section\">\n\t\t\t\t\t\t<div class=\"elementor-container elementor-column-gap-wider\">\n\t\t\t\t\t<div class=\"elementor-column elementor-col-100 elementor-top-column elementor-element elementor-element-d626527\" data-id=\"d626527\" data-element_type=\"column\" data-e-type=\"column\" data-settings=\"{&quot;background_background&quot;:&quot;classic&quot;}\">\n\t\t\t<div class=\"elementor-widget-wrap elementor-element-populated\">\n\t\t\t\t\t\t<div class=\"elementor-element elementor-element-7d71b5d elementor-widget elementor-widget-text-editor\" data-id=\"7d71b5d\" data-element_type=\"widget\" data-e-type=\"widget\" data-widget_type=\"text-editor.default\">\n\t\t\t\t<div class=\"elementor-widget-container\">\n\t\t\t\t\t\t\t\t\t<h4 style=\"text-align: left\">Terms and Conditions<\/h4><p lang=\"en-US\" align=\"justify\"><span style=\"font-size: medium\"><span lang=\"es-CR\"><b>Last update: September 20, 2024. <\/b><\/span><\/span><\/p><p lang=\"en-US\" align=\"justify\"><span style=\"font-size: large\">Welcome to Market Vision Scape. <\/span><span style=\"font-size: large\"><span lang=\"es-CR\">Please read these Terms and Conditions carefully before using our services.<\/span><\/span><\/p><p lang=\"en-US\" align=\"justify\"><span style=\"font-size: large\"><span lang=\"es-CR\">Acceptance of Terms<\/span><\/span><\/p><p lang=\"en-US\" align=\"justify\"><span style=\"font-size: large\"><span lang=\"es-CR\">By accessing or using any services provided by Market Vision Scape, you agree to be bound by these Terms and Conditions. If you do not agree to these terms, we ask that you do not use our services.<\/span><\/span><\/p><p lang=\"en-US\" align=\"justify\"><span style=\"font-size: large\"><span lang=\"es-CR\">2. Services Offered<\/span><\/span><\/p><p lang=\"en-US\" align=\"justify\"><span style=\"font-size: large\"><span lang=\"es-CR\">Market Vision Scape offers marketing services, consulting and related solutions. We reserve the right to modify, suspend or discontinue any part of our services at any time without notice.<\/span><\/span><\/p><p lang=\"en-US\" align=\"justify\"><span style=\"font-size: large\"><span lang=\"es-CR\">3. Account Registration<\/span><\/span><\/p><p lang=\"en-US\" align=\"justify\"><span style=\"font-size: large\"><span lang=\"es-CR\">To access certain services, you may be required to register an account. You must provide accurate and complete information during the registration process and keep your information up to date. You are responsible for maintaining the confidentiality of your account and password, and for all activities that occur under your account.<\/span><\/span><\/p><p lang=\"en-US\" align=\"justify\"><span style=\"font-size: large\"><span lang=\"es-CR\">4. Privacy Policy<\/span><\/span><\/p><p lang=\"en-US\" align=\"justify\"><span style=\"font-size: large\"><span lang=\"es-CR\">Your use of our services is also subject to our Privacy Policy. By using our services, you consent to our information collection and use practices as set forth in the Privacy Policy.<\/span><\/span><\/p><p lang=\"en-US\" align=\"justify\"><span style=\"font-size: large\"><span lang=\"es-CR\">5. Acceptable Use<\/span><\/span><\/p><p lang=\"en-US\" align=\"justify\"><span style=\"font-size: large\"><span lang=\"es-CR\">You agree to use our services only for lawful purposes and in accordance with these Terms and Conditions. You must not use our services in any manner that could damage, disable, overburden, or impair the security of our systems or interfere with other users.<\/span><\/span><\/p><p lang=\"en-US\" align=\"justify\"><span style=\"font-size: large\"><span lang=\"es-CR\">6. Intellectual Property<\/span><\/span><\/p><p lang=\"en-US\" align=\"justify\"><span style=\"font-size: large\"><span lang=\"es-CR\">The services and their content, including text, graphics, logos, images, videos, music and software, are protected by copyright and other intellectual property laws. You agree to respect all intellectual property rights and not to make any unauthorized copying, reproduction, modification or distribution of any content of our services.<\/span><\/span><\/p><p lang=\"en-US\" align=\"justify\"><span style=\"font-size: large\"><span lang=\"es-CR\">7. Communications<\/span><\/span><\/p><p lang=\"en-US\" align=\"justify\"><span style=\"font-size: large\"><span lang=\"es-CR\">By using our services, you consent to receive communications from Market Vision Scape, which may include announcements, updates and administrative messages. You may opt out of receiving certain communications by sending an email to <\/span><\/span><span style=\"color: #0563c1\"><u><span style=\"font-size: large\"><span lang=\"es-CR\">support@marketvisionscape.com<\/span><\/span><\/u><\/span><span style=\"font-size: large\"><span lang=\"es-CR\">. <\/span><\/span><\/p><p lang=\"en-US\" align=\"justify\"><span style=\"font-size: large\"><span lang=\"es-CR\">8. Limitation of Liability<\/span><\/span><\/p><p lang=\"en-US\" align=\"justify\"><span style=\"font-size: large\"><span lang=\"es-CR\">To the extent permitted by law, Market Vision Scape shall not be liable for indirect, incidental, special, consequential or punitive damages, or for any loss of profits or revenue, whether or not advised of the possibility of such damages. Market Vision Scape's total liability for any claim under these Terms and Conditions shall not exceed the total amount paid by you for our services.<\/span><\/span><\/p><p lang=\"en-US\" align=\"justify\"><span style=\"font-size: large\"><span lang=\"es-CR\">9. Modifications to the Terms<\/span><\/span><\/p><p lang=\"en-US\" align=\"justify\"><span style=\"font-size: large\"><span lang=\"es-CR\">Market Vision Scape reserves the right to modify these Terms and Conditions at any time. Modifications will be effective immediately upon posting on this page. We encourage you to review these terms periodically. If you continue to use our services after changes are made, you will be deemed to have accepted the modified terms.<\/span><\/span><\/p><p lang=\"en-US\" align=\"justify\"><span style=\"font-size: large\"><span lang=\"es-CR\">10. Contact<\/span><\/span><\/p><p lang=\"en-US\" align=\"justify\"><span style=\"font-size: large\"><span lang=\"es-CR\">If you have any questions or comments about these Terms and Conditions, please contact us through the following means:<\/span><\/span><\/p><p lang=\"en-US\" align=\"justify\"><span style=\"font-size: large\"><span lang=\"es-CR\">Address: Calle del Inca 4446, Office 901, Edificio Vitae, Comuna Las Condes, Santiago de Chile, Chile. Postal Code 7550000.<\/span><\/span><\/p><p lang=\"en-US\" align=\"justify\"><span style=\"font-size: large\"><span lang=\"es-CR\">E-mail: <\/span><\/span><span style=\"color: #0563c1\"><u><span style=\"font-size: large\"><span lang=\"es-CR\">support@marketvisionscape.com<\/span><\/span><\/u><\/span><\/p><p lang=\"en-US\" align=\"justify\"><span style=\"font-size: large\"><span lang=\"es-CR\">Thank you for your interest in Market Vision Scape.<\/span><\/span><\/p>\t\t\t\t\t\t\t\t<\/div>\n\t\t\t\t<\/div>\n\t\t\t\t\t<\/div>\n\t\t<\/div>\n\t\t\t\t\t<\/div>\n\t\t<\/section>\n\t\t\t\t<\/div>","protected":false},"excerpt":{"rendered":"<p>Market Vision Scape &#8211; Encendiendo el Viaje Digital de tu Marca T\u00e9rminos y Condiciones \u00daltima actualizaci\u00f3n: 20 de setiembre del 2024. Bienvenido a Market Vision Scape. Por favor, lea atentamente estos T\u00e9rminos y Condiciones antes de utilizar nuestros servicios. 1. Aceptaci\u00f3n de los T\u00e9rminos Al acceder o utilizar cualquier servicio proporcionado por Market Vision Scape, [&hellip;]<\/p>\n","protected":false},"author":4,"featured_media":0,"parent":0,"menu_order":0,"comment_status":"closed","ping_status":"closed","template":"","meta":{"_acf_changed":false,"footnotes":""},"class_list":["post-34","page","type-page","status-publish","hentry"],"acf":[],"aioseo_notices":[],"_links":{"self":[{"href":"https:\/\/marketvisionscape.com\/en\/wp-json\/wp\/v2\/pages\/34","targetHints":{"allow":["GET"]}}],"collection":[{"href":"https:\/\/marketvisionscape.com\/en\/wp-json\/wp\/v2\/pages"}],"about":[{"href":"https:\/\/marketvisionscape.com\/en\/wp-json\/wp\/v2\/types\/page"}],"author":[{"embeddable":true,"href":"https:\/\/marketvisionscape.com\/en\/wp-json\/wp\/v2\/users\/4"}],"replies":[{"embeddable":true,"href":"https:\/\/marketvisionscape.com\/en\/wp-json\/wp\/v2\/comments?post=34"}],"version-history":[{"count":53,"href":"https:\/\/marketvisionscape.com\/en\/wp-json\/wp\/v2\/pages\/34\/revisions"}],"predecessor-version":[{"id":1596,"href":"https:\/\/marketvisionscape.com\/en\/wp-json\/wp\/v2\/pages\/34\/revisions\/1596"}],"wp:attachment":[{"href":"https:\/\/marketvisionscape.com\/en\/wp-json\/wp\/v2\/media?parent=34"}],"curies":[{"name":"wp","href":"https:\/\/api.w.org\/{rel}","templated":true}]}}