{"id":3,"date":"2023-06-06T23:17:33","date_gmt":"2023-06-06T23:17:33","guid":{"rendered":"https:\/\/marketvisionscape.com\/?page_id=3"},"modified":"2024-12-11T15:56:08","modified_gmt":"2024-12-11T19:56:08","slug":"privacy-policy","status":"publish","type":"page","link":"https:\/\/marketvisionscape.com\/en\/privacy-policy\/","title":{"rendered":"Privacy Policy"},"content":{"rendered":"<div data-elementor-type=\"wp-page\" data-elementor-id=\"3\" class=\"elementor elementor-3\" data-elementor-post-type=\"page\">\n\t\t\t\t\t\t<section class=\"elementor-section elementor-top-section elementor-element elementor-element-7eb7d409 elementor-section-boxed elementor-section-height-default elementor-section-height-default\" data-id=\"7eb7d409\" data-element_type=\"section\" data-e-type=\"section\" data-settings=\"{&quot;background_background&quot;:&quot;classic&quot;}\">\n\t\t\t\t\t\t\t<div class=\"elementor-background-overlay\"><\/div>\n\t\t\t\t\t\t\t<div class=\"elementor-container elementor-column-gap-wider\">\n\t\t\t\t\t<div class=\"elementor-column elementor-col-100 elementor-top-column elementor-element elementor-element-61e121e3\" data-id=\"61e121e3\" data-element_type=\"column\" data-e-type=\"column\">\n\t\t\t<div class=\"elementor-widget-wrap elementor-element-populated\">\n\t\t\t\t\t\t<div class=\"elementor-element elementor-element-ce0aebe elementor-widget__width-initial elementor-invisible elementor-widget elementor-widget-text-editor\" data-id=\"ce0aebe\" data-element_type=\"widget\" data-e-type=\"widget\" data-settings=\"{&quot;_animation&quot;:&quot;fadeInUp&quot;}\" data-widget_type=\"text-editor.default\">\n\t\t\t\t<div class=\"elementor-widget-container\">\n\t\t\t\t\t\t\t\t\t<p lang=\"en-US\" style=\"text-align: center\" align=\"justify\"><span style=\"font-size: large\"><span lang=\"es-CR\">Market Vision Scape &#8211; <\/span><\/span><span style=\"font-size: large\"><span lang=\"es-CR\">Igniting your Brand's Digital Journey<\/span><\/span><\/p>\t\t\t\t\t\t\t\t<\/div>\n\t\t\t\t<\/div>\n\t\t\t\t<div class=\"elementor-element elementor-element-7a001708 elementor-widget-divider--view-line elementor-widget elementor-widget-divider\" data-id=\"7a001708\" data-element_type=\"widget\" data-e-type=\"widget\" data-widget_type=\"divider.default\">\n\t\t\t\t<div class=\"elementor-widget-container\">\n\t\t\t\t\t\t\t<div class=\"elementor-divider\">\n\t\t\t<span class=\"elementor-divider-separator\">\n\t\t\t\t\t\t<\/span>\n\t\t<\/div>\n\t\t\t\t\t\t<\/div>\n\t\t\t\t<\/div>\n\t\t\t\t\t<\/div>\n\t\t<\/div>\n\t\t\t\t\t<\/div>\n\t\t<\/section>\n\t\t\t\t<section class=\"elementor-section elementor-top-section elementor-element elementor-element-3e3b70b elementor-section-boxed elementor-section-height-default elementor-section-height-default\" data-id=\"3e3b70b\" data-element_type=\"section\" data-e-type=\"section\">\n\t\t\t\t\t\t<div class=\"elementor-container elementor-column-gap-wider\">\n\t\t\t\t\t<div class=\"elementor-column elementor-col-100 elementor-top-column elementor-element elementor-element-0276506\" data-id=\"0276506\" data-element_type=\"column\" data-e-type=\"column\" data-settings=\"{&quot;background_background&quot;:&quot;classic&quot;}\">\n\t\t\t<div class=\"elementor-widget-wrap elementor-element-populated\">\n\t\t\t\t\t\t<div class=\"elementor-element elementor-element-4d91006 elementor-widget elementor-widget-text-editor\" data-id=\"4d91006\" data-element_type=\"widget\" data-e-type=\"widget\" data-widget_type=\"text-editor.default\">\n\t\t\t\t<div class=\"elementor-widget-container\">\n\t\t\t\t\t\t\t\t\t<h2>Privacy Policy<\/h2><p lang=\"en-US\" align=\"justify\"><span style=\"font-size: medium\"><span lang=\"es-CR\"><b>Last update: September 20, 2024. <\/b><\/span><\/span><\/p><p lang=\"en-US\" align=\"justify\"><span style=\"font-size: large\"><span lang=\"es-CR\">At Market Vision Scape, we value your privacy and are committed to protecting your personal information. This Privacy Policy describes how we collect, use, disclose and protect your data when you access or use our website and services. By accessing or using our services, you agree to the terms of this Privacy Policy.<\/span><\/span><\/p><p lang=\"en-US\" align=\"justify\"><span style=\"font-size: large\"><span lang=\"es-CR\">Information We Collect<\/span><\/span><\/p><p lang=\"en-US\" align=\"justify\"><span style=\"font-size: large\"><span lang=\"es-CR\">We may collect personal information that you provide directly to us, such as your name, email address, mailing address, phone number and other identifying or contact information. We may also collect information about your interactions with our website, including your IP address, browser type, operating system and browsing history.<\/span><\/span><\/p><p lang=\"en-US\" align=\"justify\"><span style=\"font-size: large\"><span lang=\"es-CR\">2. How We Use Your Information<\/span><\/span><\/p><p lang=\"en-US\" align=\"justify\"><span style=\"font-size: large\"><span lang=\"es-CR\">We use the information we collect for a variety of purposes, including:<\/span><\/span><\/p><ul><li><p lang=\"en-US\" align=\"justify\"><span style=\"font-size: large\"><span lang=\"es-CR\">To provide and maintain our services<\/span><\/span><\/p><\/li><li><p lang=\"en-US\" align=\"justify\"><span style=\"font-size: large\"><span lang=\"es-CR\">Customize your experience<\/span><\/span><\/p><\/li><li><p lang=\"en-US\" align=\"justify\"><span style=\"font-size: large\"><span lang=\"es-CR\">Send administrative information<\/span><\/span><\/p><\/li><li><p lang=\"en-US\" align=\"justify\"><span style=\"font-size: large\"><span lang=\"es-CR\">Respond to your requests<\/span><\/span><\/p><\/li><li><p lang=\"en-US\" align=\"justify\"><span style=\"font-size: large\"><span lang=\"es-CR\">Marketing and promotional purposes<\/span><\/span><\/p><\/li><li><p lang=\"en-US\" align=\"justify\"><span style=\"font-size: large\"><span lang=\"es-CR\">Analyze and improve our services<\/span><\/span><\/p><\/li><li><p lang=\"en-US\" align=\"justify\"><span style=\"font-size: large\"><span lang=\"es-CR\">Protecting our rights and interests<\/span><\/span><\/p><\/li><\/ul><p lang=\"en-US\" align=\"justify\"><span style=\"font-size: large\"><span lang=\"es-CR\">3. Information Sharing<\/span><\/span><\/p><p lang=\"en-US\" align=\"justify\"><span style=\"font-size: large\"><span lang=\"es-CR\">We may share your information with:<\/span><\/span><\/p><ul><li><p lang=\"en-US\" align=\"justify\"><span style=\"font-size: large\"><span lang=\"es-CR\">Service providers that help us to offer our services<\/span><\/span><\/p><\/li><li><p lang=\"en-US\" align=\"justify\"><span style=\"font-size: large\"><span lang=\"es-CR\">Legal authorities when required by law<\/span><\/span><\/p><\/li><li><p lang=\"en-US\" align=\"justify\"><span style=\"font-size: large\"><span lang=\"es-CR\">Affiliates and business partners<\/span><\/span><\/p><\/li><li><p lang=\"en-US\" align=\"justify\"><span style=\"font-size: large\"><span lang=\"es-CR\">Third parties with your consent<\/span><\/span><\/p><\/li><\/ul><p lang=\"en-US\" align=\"justify\"><span style=\"font-size: large\"><span lang=\"es-CR\">4. Cookies and Tracking Technologies<\/span><\/span><\/p><p lang=\"en-US\" align=\"justify\"><span style=\"font-size: large\"><span lang=\"es-CR\">We use cookies and similar tracking technologies to collect information about your interactions with our website. You can control cookies through your browser settings, but please note that disabling cookies may affect your experience on our site.<\/span><\/span><\/p><p lang=\"en-US\" align=\"justify\"><span style=\"font-size: large\"><span lang=\"es-CR\">5. Security<\/span><\/span><\/p><p lang=\"en-US\" align=\"justify\"><span style=\"font-size: large\"><span lang=\"es-CR\">We employ reasonable security measures to protect your personal information from unauthorized access, disclosure, alteration or destruction. However, no method of transmission over the Internet or electronic storage is completely secure, so we cannot guarantee absolute security.<\/span><\/span><\/p><p lang=\"en-US\" align=\"justify\"><span style=\"font-size: large\"><span lang=\"es-CR\">6. Links to Third Parties<\/span><\/span><\/p><p lang=\"en-US\" align=\"justify\"><span style=\"font-size: large\"><span lang=\"es-CR\">Our website may contain links to third-party websites or services. We are not responsible for the privacy practices or the content of these third party sites. We encourage you to read their privacy policies.<\/span><\/span><\/p><p lang=\"en-US\" align=\"justify\"><span style=\"font-size: large\"><span lang=\"es-CR\">7. Your Options<\/span><\/span><\/p><p lang=\"en-US\" align=\"justify\"><span style=\"font-size: large\"><span lang=\"es-CR\">You may have various rights with respect to your personal information, including the right to access, correct, delete or withdraw your consent. To exercise these rights, please contact us at <\/span><\/span><span style=\"color: #0563c1\"><u><span style=\"font-size: large\"><span lang=\"es-CR\">support@marketvisionscape.com<\/span><\/span><\/u><\/span><span style=\"font-size: large\"><span lang=\"es-CR\">. <\/span><\/span><\/p><p lang=\"en-US\" align=\"justify\"><span style=\"font-size: large\"><span lang=\"es-CR\">8. Changes to this Policy<\/span><\/span><\/p><p lang=\"en-US\" align=\"justify\"><span style=\"font-size: large\"><span lang=\"es-CR\">We may update this Privacy Policy from time to time. The updated version will be posted on our website with the date \"Last Updated\". Your continued use of our services after changes are made constitutes acceptance of the revised Privacy Policy.<\/span><\/span><\/p><p lang=\"en-US\" align=\"justify\"><span style=\"font-size: large\"><span lang=\"es-CR\">Contact us<\/span><\/span><\/p><p lang=\"en-US\" align=\"justify\"><span style=\"font-size: large\"><span lang=\"es-CR\">If you have any questions or concerns about this Privacy Policy, please contact us at:<\/span><\/span><\/p><p lang=\"en-US\" align=\"justify\"><span style=\"font-size: large\"><span lang=\"es-CR\">Address: Calle del Inca 4446, Office 901, Edificio Vitae, Comuna Las Condes, Santiago de Chile, Chile. Postal Code 7550000.<\/span><\/span><\/p><p lang=\"en-US\" align=\"justify\"><span style=\"font-size: large\"><span lang=\"es-CR\">E-mail: <\/span><\/span><span style=\"color: #0563c1\"><u><span style=\"font-size: large\"><span lang=\"es-CR\">support@marketvisionscape.com<\/span><\/span><\/u><\/span><\/p>\t\t\t\t\t\t\t\t<\/div>\n\t\t\t\t<\/div>\n\t\t\t\t\t<\/div>\n\t\t<\/div>\n\t\t\t\t\t<\/div>\n\t\t<\/section>\n\t\t\t\t<\/div>","protected":false},"excerpt":{"rendered":"<p>Market Vision Scape &#8211; Encendiendo el Viaje Digital de tu Marca Pol\u00edtica de Privacidad \u00daltima actualizaci\u00f3n: 20 de setiembre del 2024. En Market Vision Scape, valoramos su privacidad y nos comprometemos a proteger su informaci\u00f3n personal. Esta Pol\u00edtica de Privacidad describe c\u00f3mo recopilamos, utilizamos, divulgamos y protegemos sus datos cuando accede o utiliza nuestro sitio [&hellip;]<\/p>\n","protected":false},"author":4,"featured_media":0,"parent":0,"menu_order":0,"comment_status":"closed","ping_status":"open","template":"","meta":{"_acf_changed":false,"footnotes":""},"class_list":["post-3","page","type-page","status-publish","hentry"],"acf":[],"aioseo_notices":[],"_links":{"self":[{"href":"https:\/\/marketvisionscape.com\/en\/wp-json\/wp\/v2\/pages\/3","targetHints":{"allow":["GET"]}}],"collection":[{"href":"https:\/\/marketvisionscape.com\/en\/wp-json\/wp\/v2\/pages"}],"about":[{"href":"https:\/\/marketvisionscape.com\/en\/wp-json\/wp\/v2\/types\/page"}],"author":[{"embeddable":true,"href":"https:\/\/marketvisionscape.com\/en\/wp-json\/wp\/v2\/users\/4"}],"replies":[{"embeddable":true,"href":"https:\/\/marketvisionscape.com\/en\/wp-json\/wp\/v2\/comments?post=3"}],"version-history":[{"count":40,"href":"https:\/\/marketvisionscape.com\/en\/wp-json\/wp\/v2\/pages\/3\/revisions"}],"predecessor-version":[{"id":1599,"href":"https:\/\/marketvisionscape.com\/en\/wp-json\/wp\/v2\/pages\/3\/revisions\/1599"}],"wp:attachment":[{"href":"https:\/\/marketvisionscape.com\/en\/wp-json\/wp\/v2\/media?parent=3"}],"curies":[{"name":"wp","href":"https:\/\/api.w.org\/{rel}","templated":true}]}}