{"id":220,"date":"2023-09-26T18:30:18","date_gmt":"2023-09-26T22:30:18","guid":{"rendered":"https:\/\/marketvisionscape.com\/?page_id=220"},"modified":"2024-11-05T15:34:05","modified_gmt":"2024-11-05T19:34:05","slug":"quote","status":"publish","type":"page","link":"https:\/\/marketvisionscape.com\/en\/quote\/","title":{"rendered":"Quote"},"content":{"rendered":"\t\t<div data-elementor-type=\"wp-page\" data-elementor-id=\"220\" class=\"elementor elementor-220\" data-elementor-post-type=\"page\">\n\t\t\t\t\t\t<section class=\"elementor-section elementor-top-section elementor-element elementor-element-3da5f7df elementor-section-boxed elementor-section-height-default elementor-section-height-default\" data-id=\"3da5f7df\" data-element_type=\"section\" data-e-type=\"section\" data-settings=\"{&quot;background_background&quot;:&quot;classic&quot;}\">\n\t\t\t\t\t\t\t<div class=\"elementor-background-overlay\"><\/div>\n\t\t\t\t\t\t\t<div class=\"elementor-container elementor-column-gap-wider\">\n\t\t\t\t\t<div class=\"elementor-column elementor-col-100 elementor-top-column elementor-element elementor-element-50503e51\" data-id=\"50503e51\" data-element_type=\"column\" data-e-type=\"column\">\n\t\t\t<div class=\"elementor-widget-wrap elementor-element-populated\">\n\t\t\t\t\t\t<div class=\"elementor-element elementor-element-e714842 elementor-widget__width-initial elementor-invisible elementor-widget elementor-widget-text-editor\" data-id=\"e714842\" data-element_type=\"widget\" data-e-type=\"widget\" data-settings=\"{&quot;_animation&quot;:&quot;fadeInUp&quot;}\" data-widget_type=\"text-editor.default\">\n\t\t\t\t<div class=\"elementor-widget-container\">\n\t\t\t\t\t\t\t\t\t<p lang=\"en-US\" style=\"text-align: center\" align=\"justify\"><span style=\"font-size: large\"><span lang=\"es-CR\">Market Vision Scape &#8211; <\/span><\/span><span style=\"font-size: large\"><span lang=\"es-CR\">Encendiendo el Viaje Digital de tu Marca<\/span><\/span><\/p>\t\t\t\t\t\t\t\t<\/div>\n\t\t\t\t<\/div>\n\t\t\t\t<div class=\"elementor-element elementor-element-75898aad elementor-widget-divider--view-line elementor-widget elementor-widget-divider\" data-id=\"75898aad\" data-element_type=\"widget\" data-e-type=\"widget\" data-widget_type=\"divider.default\">\n\t\t\t\t<div class=\"elementor-widget-container\">\n\t\t\t\t\t\t\t<div class=\"elementor-divider\">\n\t\t\t<span class=\"elementor-divider-separator\">\n\t\t\t\t\t\t<\/span>\n\t\t<\/div>\n\t\t\t\t\t\t<\/div>\n\t\t\t\t<\/div>\n\t\t\t\t\t<\/div>\n\t\t<\/div>\n\t\t\t\t\t<\/div>\n\t\t<\/section>\n\t\t\t\t<section class=\"elementor-section elementor-top-section elementor-element elementor-element-32587102 elementor-section-boxed elementor-section-height-default elementor-section-height-default\" data-id=\"32587102\" data-element_type=\"section\" data-e-type=\"section\">\n\t\t\t\t\t\t<div class=\"elementor-container elementor-column-gap-wider\">\n\t\t\t\t\t<div class=\"elementor-column elementor-col-100 elementor-top-column elementor-element elementor-element-8381cd5\" data-id=\"8381cd5\" data-element_type=\"column\" data-e-type=\"column\">\n\t\t\t<div class=\"elementor-widget-wrap elementor-element-populated\">\n\t\t\t\t\t\t<div class=\"elementor-element elementor-element-16373b7 elementor-widget elementor-widget-heading\" data-id=\"16373b7\" data-element_type=\"widget\" data-e-type=\"widget\" data-widget_type=\"heading.default\">\n\t\t\t\t<div class=\"elementor-widget-container\">\n\t\t\t\t\t<h2 class=\"elementor-heading-title elementor-size-default\">Market Vision Scape<\/h2>\t\t\t\t<\/div>\n\t\t\t\t<\/div>\n\t\t\t\t<div class=\"elementor-element elementor-element-4040151f elementor-widget elementor-widget-heading\" data-id=\"4040151f\" data-element_type=\"widget\" data-e-type=\"widget\" data-widget_type=\"heading.default\">\n\t\t\t\t<div class=\"elementor-widget-container\">\n\t\t\t\t\t<h2 class=\"elementor-heading-title elementor-size-default\">Obtener una Cotizaci\u00f3n Personalizada<\/h2>\t\t\t\t<\/div>\n\t\t\t\t<\/div>\n\t\t\t\t<div class=\"elementor-element elementor-element-3c4b7ab5 elementor-widget elementor-widget-text-editor\" data-id=\"3c4b7ab5\" data-element_type=\"widget\" data-e-type=\"widget\" data-widget_type=\"text-editor.default\">\n\t\t\t\t<div class=\"elementor-widget-container\">\n\t\t\t\t\t\t\t\t\t<p lang=\"en-US\" align=\"justify\"><span style=\"font-size: large\"><span lang=\"es-CR\">Market Vision Scape comprende que cada organizaci\u00f3n es \u00fanica y que sus necesidades de marketing pueden variar. Ya sea que necesites servicios de marketing b\u00e1sicos o una soluci\u00f3n personalizada adaptada a tus necesidades \u00fanicas, nuestro equipo est\u00e1 listo para ayudar. Por favor, completa el formulario a continuaci\u00f3n para obtener una estimaci\u00f3n, y uno de nuestros expertos dedicados se comunicar\u00e1 contigo lo antes posible.<\/span><\/span><\/p>\t\t\t\t\t\t\t\t<\/div>\n\t\t\t\t<\/div>\n\t\t\t\t\t<\/div>\n\t\t<\/div>\n\t\t\t\t\t<\/div>\n\t\t<\/section>\n\t\t\t\t<section class=\"elementor-section elementor-top-section elementor-element elementor-element-0acb826 elementor-section-boxed elementor-section-height-default elementor-section-height-default\" data-id=\"0acb826\" data-element_type=\"section\" data-e-type=\"section\">\n\t\t\t\t\t\t<div class=\"elementor-container elementor-column-gap-default\">\n\t\t\t\t\t<div class=\"elementor-column elementor-col-100 elementor-top-column elementor-element elementor-element-d0124ec\" data-id=\"d0124ec\" data-element_type=\"column\" data-e-type=\"column\" data-settings=\"{&quot;background_background&quot;:&quot;classic&quot;}\">\n\t\t\t<div class=\"elementor-widget-wrap elementor-element-populated\">\n\t\t\t\t\t\t<div class=\"elementor-element elementor-element-e01bcec elementor-widget elementor-widget-heading\" data-id=\"e01bcec\" data-element_type=\"widget\" data-e-type=\"widget\" data-widget_type=\"heading.default\">\n\t\t\t\t<div class=\"elementor-widget-container\">\n\t\t\t\t\t<h2 class=\"elementor-heading-title elementor-size-default\">Formulario<\/h2>\t\t\t\t<\/div>\n\t\t\t\t<\/div>\n\t\t\t\t<div class=\"elementor-element elementor-element-c8bdc34 elementor-button-align-start elementor-widget elementor-widget-form\" data-id=\"c8bdc34\" data-element_type=\"widget\" data-e-type=\"widget\" data-settings=\"{&quot;step_next_label&quot;:&quot;Next&quot;,&quot;step_previous_label&quot;:&quot;Previous&quot;,&quot;button_width&quot;:&quot;100&quot;,&quot;step_type&quot;:&quot;number_text&quot;,&quot;step_icon_shape&quot;:&quot;circle&quot;}\" data-widget_type=\"form.default\">\n\t\t\t\t<div class=\"elementor-widget-container\">\n\t\t\t\t\t\t\t<form class=\"elementor-form\" method=\"post\" name=\"Cotizar\" aria-label=\"Cotizar\">\n\t\t\t<input type=\"hidden\" name=\"post_id\" value=\"220\"\/>\n\t\t\t<input type=\"hidden\" name=\"form_id\" value=\"c8bdc34\"\/>\n\t\t\t<input type=\"hidden\" name=\"referer_title\" value=\"Cotizar - marketvisionscape.com\" \/>\n\n\t\t\t\t\t\t\t<input type=\"hidden\" name=\"queried_id\" value=\"220\"\/>\n\t\t\t\n\t\t\t<div class=\"elementor-form-fields-wrapper elementor-labels-above\">\n\t\t\t\t\t\t\t\t<div class=\"elementor-field-type-text elementor-field-group elementor-column elementor-field-group-name elementor-col-50 elementor-md-100\">\n\t\t\t\t\t\t\t\t\t\t\t\t<label for=\"form-field-name\" class=\"elementor-field-label\">\n\t\t\t\t\t\t\t\tNombre\t\t\t\t\t\t\t<\/label>\n\t\t\t\t\t\t\t\t\t\t\t\t\t\t<input size=\"1\" type=\"text\" name=\"form_fields[name]\" id=\"form-field-name\" class=\"elementor-field elementor-size-lg  elementor-field-textual\">\n\t\t\t\t\t\t\t\t\t\t\t<\/div>\n\t\t\t\t\t\t\t\t<div class=\"elementor-field-type-text elementor-field-group elementor-column elementor-field-group-field_707260b elementor-col-50 elementor-md-100\">\n\t\t\t\t\t\t\t\t\t\t\t\t<label for=\"form-field-field_707260b\" class=\"elementor-field-label\">\n\t\t\t\t\t\t\t\tNombre Empresa\t\t\t\t\t\t\t<\/label>\n\t\t\t\t\t\t\t\t\t\t\t\t\t\t<input size=\"1\" type=\"text\" name=\"form_fields[field_707260b]\" id=\"form-field-field_707260b\" class=\"elementor-field elementor-size-lg  elementor-field-textual\">\n\t\t\t\t\t\t\t\t\t\t\t<\/div>\n\t\t\t\t\t\t\t\t<div class=\"elementor-field-type-email elementor-field-group elementor-column elementor-field-group-email elementor-col-50 elementor-md-100 elementor-field-required elementor-mark-required\">\n\t\t\t\t\t\t\t\t\t\t\t\t<label for=\"form-field-email\" class=\"elementor-field-label\">\n\t\t\t\t\t\t\t\tEmail\t\t\t\t\t\t\t<\/label>\n\t\t\t\t\t\t\t\t\t\t\t\t\t\t<input size=\"1\" type=\"email\" name=\"form_fields[email]\" id=\"form-field-email\" class=\"elementor-field elementor-size-lg  elementor-field-textual\" required=\"required\">\n\t\t\t\t\t\t\t\t\t\t\t<\/div>\n\t\t\t\t\t\t\t\t<div class=\"elementor-field-type-number elementor-field-group elementor-column elementor-field-group-field_62537bf elementor-col-50 elementor-md-100\">\n\t\t\t\t\t\t\t\t\t\t\t\t<label for=\"form-field-field_62537bf\" class=\"elementor-field-label\">\n\t\t\t\t\t\t\t\tN\u00famero de Tel\u00e9fono\t\t\t\t\t\t\t<\/label>\n\t\t\t\t\t\t\t\t\t<input type=\"number\" name=\"form_fields[field_62537bf]\" id=\"form-field-field_62537bf\" class=\"elementor-field elementor-size-lg  elementor-field-textual\" min=\"0\" max=\"\" >\n\t\t\t\t\t\t<\/div>\n\t\t\t\t\t\t\t\t<div class=\"elementor-field-type-url elementor-field-group elementor-column elementor-field-group-field_da6e819 elementor-col-40 elementor-md-100\">\n\t\t\t\t\t\t\t\t\t\t\t\t<label for=\"form-field-field_da6e819\" class=\"elementor-field-label\">\n\t\t\t\t\t\t\t\tSitio Web (si corresponde)\t\t\t\t\t\t\t<\/label>\n\t\t\t\t\t\t\t\t\t\t\t\t\t\t<input size=\"1\" type=\"url\" name=\"form_fields[field_da6e819]\" id=\"form-field-field_da6e819\" class=\"elementor-field elementor-size-lg  elementor-field-textual\">\n\t\t\t\t\t\t\t\t\t\t\t<\/div>\n\t\t\t\t\t\t\t\t<div class=\"elementor-field-type-select elementor-field-group elementor-column elementor-field-group-field_3aea528 elementor-col-30 elementor-md-100\">\n\t\t\t\t\t\t\t\t\t\t\t\t<label for=\"form-field-field_3aea528\" class=\"elementor-field-label\">\n\t\t\t\t\t\t\t\tM\u00e9todo de Contacto Preferido:\t\t\t\t\t\t\t<\/label>\n\t\t\t\t\t\t\t\t<div class=\"elementor-field elementor-select-wrapper remove-before \">\n\t\t\t<div class=\"select-caret-down-wrapper\">\n\t\t\t\t<i aria-hidden=\"true\" class=\"eicon-caret-down\"><\/i>\t\t\t<\/div>\n\t\t\t<select name=\"form_fields[field_3aea528]\" id=\"form-field-field_3aea528\" class=\"elementor-field-textual elementor-size-lg\">\n\t\t\t\t\t\t\t\t\t<option value=\"Correo Electr\u00f3nico\">Correo Electr\u00f3nico<\/option>\n\t\t\t\t\t\t\t\t\t<option value=\"Tel\u00e9fono\">Tel\u00e9fono<\/option>\n\t\t\t\t\t\t\t<\/select>\n\t\t<\/div>\n\t\t\t\t\t\t<\/div>\n\t\t\t\t\t\t\t\t<div class=\"elementor-field-type-select elementor-field-group elementor-column elementor-field-group-field_520628e elementor-col-30 elementor-md-100\">\n\t\t\t\t\t\t\t\t\t\t\t\t<label for=\"form-field-field_520628e\" class=\"elementor-field-label\">\n\t\t\t\t\t\t\t\t\u00bfC\u00f3mo se enter\u00f3 de nosotros?\t\t\t\t\t\t\t<\/label>\n\t\t\t\t\t\t\t\t<div class=\"elementor-field elementor-select-wrapper remove-before \">\n\t\t\t<div class=\"select-caret-down-wrapper\">\n\t\t\t\t<i aria-hidden=\"true\" class=\"eicon-caret-down\"><\/i>\t\t\t<\/div>\n\t\t\t<select name=\"form_fields[field_520628e]\" id=\"form-field-field_520628e\" class=\"elementor-field-textual elementor-size-lg\">\n\t\t\t\t\t\t\t\t\t<option value=\"Referencia\">Referencia<\/option>\n\t\t\t\t\t\t\t\t\t<option value=\"Motor de B\u00fasqueda\">Motor de B\u00fasqueda<\/option>\n\t\t\t\t\t\t\t\t\t<option value=\"Redes Sociales\">Redes Sociales<\/option>\n\t\t\t\t\t\t\t\t\t<option value=\"Publicidad\">Publicidad<\/option>\n\t\t\t\t\t\t\t\t\t<option value=\"Otro (Especifique, por favor)\">Otro (Especifique, por favor)<\/option>\n\t\t\t\t\t\t\t<\/select>\n\t\t<\/div>\n\t\t\t\t\t\t<\/div>\n\t\t\t\t\t\t\t\t<div class=\"elementor-field-type-select elementor-field-group elementor-column elementor-field-group-field_8d56b15 elementor-col-50\">\n\t\t\t\t\t\t\t\t\t\t\t\t<label for=\"form-field-field_8d56b15\" class=\"elementor-field-label\">\n\t\t\t\t\t\t\t\tInteresado en : Soluciones de Marketing Est\u00e1ndar\t\t\t\t\t\t\t<\/label>\n\t\t\t\t\t\t\t\t<div class=\"elementor-field elementor-select-wrapper remove-before \">\n\t\t\t<div class=\"select-caret-down-wrapper\">\n\t\t\t\t<i aria-hidden=\"true\" class=\"eicon-caret-down\"><\/i>\t\t\t<\/div>\n\t\t\t<select name=\"form_fields[field_8d56b15]\" id=\"form-field-field_8d56b15\" class=\"elementor-field-textual elementor-size-lg\">\n\t\t\t\t\t\t\t\t\t<option value=\"Optimizaci\u00f3n en Motores de B\u00fasqueda (SEO)\">Optimizaci\u00f3n en Motores de B\u00fasqueda (SEO)<\/option>\n\t\t\t\t\t\t\t\t\t<option value=\"Marketing en Redes Sociales\">Marketing en Redes Sociales<\/option>\n\t\t\t\t\t\t\t\t\t<option value=\"Marketing por Correo Electr\u00f3nico\">Marketing por Correo Electr\u00f3nico<\/option>\n\t\t\t\t\t\t\t\t\t<option value=\"Publicidad por Pago por Clic (PPC)\">Publicidad por Pago por Clic (PPC)<\/option>\n\t\t\t\t\t\t\t\t\t<option value=\"Marketing de Contenidos\">Marketing de Contenidos<\/option>\n\t\t\t\t\t\t\t\t\t<option value=\"Desarrollo Web\">Desarrollo Web<\/option>\n\t\t\t\t\t\t\t\t\t<option value=\"Relaciones P\u00fablicas en L\u00ednea\">Relaciones P\u00fablicas en L\u00ednea<\/option>\n\t\t\t\t\t\t\t\t\t<option value=\"Marketing de Video\">Marketing de Video<\/option>\n\t\t\t\t\t\t\t\t\t<option value=\"Marketing M\u00f3vil\">Marketing M\u00f3vil<\/option>\n\t\t\t\t\t\t\t\t\t<option value=\"An\u00e1lisis de Datos y Estad\u00edsticas\">An\u00e1lisis de Datos y Estad\u00edsticas<\/option>\n\t\t\t\t\t\t\t\t\t<option value=\"Marketing de Comercio Electr\u00f3nico\">Marketing de Comercio Electr\u00f3nico<\/option>\n\t\t\t\t\t\t\t\t\t<option value=\"SEO y Marketing Local\">SEO y Marketing Local<\/option>\n\t\t\t\t\t\t\t\t\t<option value=\"Servicios de Consultor\u00eda de Marketing\">Servicios de Consultor\u00eda de Marketing<\/option>\n\t\t\t\t\t\t\t<\/select>\n\t\t<\/div>\n\t\t\t\t\t\t<\/div>\n\t\t\t\t\t\t\t\t<div class=\"elementor-field-type-select elementor-field-group elementor-column elementor-field-group-field_045eee9 elementor-col-50\">\n\t\t\t\t\t\t\t\t\t\t\t\t<label for=\"form-field-field_045eee9\" class=\"elementor-field-label\">\n\t\t\t\t\t\t\t\tInteresado en : Soluciones de Marketing Personalizadas:\t\t\t\t\t\t\t<\/label>\n\t\t\t\t\t\t\t\t<div class=\"elementor-field elementor-select-wrapper remove-before \">\n\t\t\t<div class=\"select-caret-down-wrapper\">\n\t\t\t\t<i aria-hidden=\"true\" class=\"eicon-caret-down\"><\/i>\t\t\t<\/div>\n\t\t\t<select name=\"form_fields[field_045eee9]\" id=\"form-field-field_045eee9\" class=\"elementor-field-textual elementor-size-lg\">\n\t\t\t\t\t\t\t\t\t<option value=\"Requisitos espec\u00edficos de la industria o nicho\">Requisitos espec\u00edficos de la industria o nicho<\/option>\n\t\t\t\t\t\t\t\t\t<option value=\"Objetivos de marketing \u00fanicos\">Objetivos de marketing \u00fanicos<\/option>\n\t\t\t\t\t\t\t\t\t<option value=\"Campa\u00f1as y estrategias personalizadas\">Campa\u00f1as y estrategias personalizadas<\/option>\n\t\t\t\t\t\t\t\t\t<option value=\"An\u00e1lisis de datos avanzados e informes\">An\u00e1lisis de datos avanzados e informes<\/option>\n\t\t\t\t\t\t\t\t\t<option value=\"Branding y dise\u00f1o personalizado\">Branding y dise\u00f1o personalizado<\/option>\n\t\t\t\t\t\t\t\t\t<option value=\"Iniciativas de marketing exclusivas\">Iniciativas de marketing exclusivas<\/option>\n\t\t\t\t\t\t\t<\/select>\n\t\t<\/div>\n\t\t\t\t\t\t<\/div>\n\t\t\t\t\t\t\t\t<div class=\"elementor-field-type-textarea elementor-field-group elementor-column elementor-field-group-message elementor-col-100\">\n\t\t\t\t\t\t\t\t\t\t\t\t<label for=\"form-field-message\" class=\"elementor-field-label\">\n\t\t\t\t\t\t\t\tMensaje\t\t\t\t\t\t\t<\/label>\n\t\t\t\t\t\t<textarea class=\"elementor-field-textual elementor-field  elementor-size-lg\" name=\"form_fields[message]\" id=\"form-field-message\" rows=\"4\" placeholder=\"Proporci\u00f3nenos cualquier informaci\u00f3n adicional o detalles espec\u00edficos sobre tus necesidades de marketing. Cuanta m\u00e1s informaci\u00f3n proporciones, mejor podremos adaptar nuestro presupuesto para satisfacer tus necesidades.\"><\/textarea>\t\t\t\t<\/div>\n\t\t\t\t\t\t\t\t<div class=\"elementor-field-type-acceptance elementor-field-group elementor-column elementor-field-group-field_fa814a4 elementor-col-100 elementor-field-required elementor-mark-required\">\n\t\t\t\t\t\t\t\t\t\t\t\t<label for=\"form-field-field_fa814a4\" class=\"elementor-field-label\">\n\t\t\t\t\t\t\t\tPol\u00edtica de Privacidad y T\u00e9rminos y Condiciones:\t\t\t\t\t\t\t<\/label>\n\t\t\t\t\t\t\t\t<div class=\"elementor-field-subgroup\">\n\t\t\t<span class=\"elementor-field-option\">\n\t\t\t\t<input type=\"checkbox\" name=\"form_fields[field_fa814a4]\" id=\"form-field-field_fa814a4\" class=\"elementor-field elementor-size-lg  elementor-acceptance-field\" required=\"required\">\n\t\t\t\t<label for=\"form-field-field_fa814a4\">Al enviar este formulario, aceptas nuestra <a href=\"https:\/\/marketvisionscape.com\/politica-de-privacidad\/\">Pol\u00edtica de Privacidad <\/a> y <a href=\"https:\/\/marketvisionscape.com\/terminos-y-condiciones\/\">T\u00e9rminos y Condiciones, <\/a>consientes en recibir comunicaciones de Market Vision Scape con respecto a tu solicitud de presupuesto.<\/label>\t\t\t<\/span>\n\t\t<\/div>\n\t\t\t\t\t\t<\/div>\n\t\t\t\t\t\t\t\t<div class=\"elementor-field-type-recaptcha elementor-field-group elementor-column elementor-field-group-field_1814ff4 elementor-col-100\">\n\t\t\t\t\t<div class=\"elementor-field\" id=\"form-field-field_1814ff4\"><div class=\"elementor-g-recaptcha\" data-sitekey=\"6LcDmAgoAAAAAHlh9wZoyuRj3aLvVcZoa3RltYpf\" data-type=\"v2_checkbox\" data-theme=\"light\" data-size=\"normal\"><\/div><\/div>\t\t\t\t<\/div>\n\t\t\t\t\t\t\t\t<div class=\"elementor-field-group elementor-column elementor-field-type-submit elementor-col-100 e-form__buttons\">\n\t\t\t\t\t<button class=\"elementor-button elementor-size-lg\" type=\"submit\">\n\t\t\t\t\t\t<span class=\"elementor-button-content-wrapper\">\n\t\t\t\t\t\t\t\t\t\t\t\t\t\t\t\t\t\t\t\t\t\t<span class=\"elementor-button-text\">Enviar<\/span>\n\t\t\t\t\t\t\t\t\t\t\t\t\t<\/span>\n\t\t\t\t\t<\/button>\n\t\t\t\t<\/div>\n\t\t\t<\/div>\n\t\t<\/form>\n\t\t\t\t\t\t<\/div>\n\t\t\t\t<\/div>\n\t\t\t\t\t<\/div>\n\t\t<\/div>\n\t\t\t\t\t<\/div>\n\t\t<\/section>\n\t\t\t\t<\/div>\n\t\t","protected":false},"excerpt":{"rendered":"<p>Market Vision Scape &#8211; Encendiendo el Viaje Digital de tu Marca Market Vision Scape Obtener una Cotizaci\u00f3n Personalizada Market Vision Scape comprende que cada organizaci\u00f3n es \u00fanica y que sus necesidades de marketing pueden variar. Ya sea que necesites servicios de marketing b\u00e1sicos o una soluci\u00f3n personalizada adaptada a tus necesidades \u00fanicas, nuestro equipo est\u00e1 [&hellip;]<\/p>\n","protected":false},"author":4,"featured_media":0,"parent":0,"menu_order":0,"comment_status":"closed","ping_status":"closed","template":"","meta":{"_acf_changed":false,"footnotes":""},"class_list":["post-220","page","type-page","status-publish","hentry"],"acf":[],"aioseo_notices":[],"_links":{"self":[{"href":"https:\/\/marketvisionscape.com\/en\/wp-json\/wp\/v2\/pages\/220","targetHints":{"allow":["GET"]}}],"collection":[{"href":"https:\/\/marketvisionscape.com\/en\/wp-json\/wp\/v2\/pages"}],"about":[{"href":"https:\/\/marketvisionscape.com\/en\/wp-json\/wp\/v2\/types\/page"}],"author":[{"embeddable":true,"href":"https:\/\/marketvisionscape.com\/en\/wp-json\/wp\/v2\/users\/4"}],"replies":[{"embeddable":true,"href":"https:\/\/marketvisionscape.com\/en\/wp-json\/wp\/v2\/comments?post=220"}],"version-history":[{"count":79,"href":"https:\/\/marketvisionscape.com\/en\/wp-json\/wp\/v2\/pages\/220\/revisions"}],"predecessor-version":[{"id":1553,"href":"https:\/\/marketvisionscape.com\/en\/wp-json\/wp\/v2\/pages\/220\/revisions\/1553"}],"wp:attachment":[{"href":"https:\/\/marketvisionscape.com\/en\/wp-json\/wp\/v2\/media?parent=220"}],"curies":[{"name":"wp","href":"https:\/\/api.w.org\/{rel}","templated":true}]}}