{"id":15,"date":"2023-09-25T12:39:54","date_gmt":"2023-09-25T16:39:54","guid":{"rendered":"https:\/\/marketvisionscape.com\/?page_id=15"},"modified":"2024-12-11T15:57:01","modified_gmt":"2024-12-11T19:57:01","slug":"refund-and-returns-policy","status":"publish","type":"page","link":"https:\/\/marketvisionscape.com\/en\/refund-and-returns-policy\/","title":{"rendered":"Refunds and Returns Policy"},"content":{"rendered":"<div data-elementor-type=\"wp-page\" data-elementor-id=\"15\" class=\"elementor elementor-15\" data-elementor-post-type=\"page\">\n\t\t\t\t\t\t<section class=\"elementor-section elementor-top-section elementor-element elementor-element-63c48d8e elementor-section-boxed elementor-section-height-default elementor-section-height-default\" data-id=\"63c48d8e\" data-element_type=\"section\" data-e-type=\"section\" data-settings=\"{&quot;background_background&quot;:&quot;classic&quot;}\">\n\t\t\t\t\t\t\t<div class=\"elementor-background-overlay\"><\/div>\n\t\t\t\t\t\t\t<div class=\"elementor-container elementor-column-gap-wider\">\n\t\t\t\t\t<div class=\"elementor-column elementor-col-100 elementor-top-column elementor-element elementor-element-13a21f50\" data-id=\"13a21f50\" data-element_type=\"column\" data-e-type=\"column\">\n\t\t\t<div class=\"elementor-widget-wrap elementor-element-populated\">\n\t\t\t\t\t\t<div class=\"elementor-element elementor-element-f11b45a elementor-widget__width-initial elementor-invisible elementor-widget elementor-widget-text-editor\" data-id=\"f11b45a\" data-element_type=\"widget\" data-e-type=\"widget\" data-settings=\"{&quot;_animation&quot;:&quot;fadeInUp&quot;}\" data-widget_type=\"text-editor.default\">\n\t\t\t\t<div class=\"elementor-widget-container\">\n\t\t\t\t\t\t\t\t\t<p lang=\"en-US\" style=\"text-align: center\" align=\"justify\"><span style=\"font-size: large\"><span lang=\"es-CR\">Market Vision Scape &#8211; <\/span><\/span><span style=\"font-size: large\"><span lang=\"es-CR\">Igniting your Brand's Digital Journey<\/span><\/span><\/p>\t\t\t\t\t\t\t\t<\/div>\n\t\t\t\t<\/div>\n\t\t\t\t<div class=\"elementor-element elementor-element-64fc0ade elementor-widget-divider--view-line elementor-widget elementor-widget-divider\" data-id=\"64fc0ade\" data-element_type=\"widget\" data-e-type=\"widget\" data-widget_type=\"divider.default\">\n\t\t\t\t<div class=\"elementor-widget-container\">\n\t\t\t\t\t\t\t<div class=\"elementor-divider\">\n\t\t\t<span class=\"elementor-divider-separator\">\n\t\t\t\t\t\t<\/span>\n\t\t<\/div>\n\t\t\t\t\t\t<\/div>\n\t\t\t\t<\/div>\n\t\t\t\t\t<\/div>\n\t\t<\/div>\n\t\t\t\t\t<\/div>\n\t\t<\/section>\n\t\t\t\t<section class=\"elementor-section elementor-top-section elementor-element elementor-element-6854f9d elementor-section-boxed elementor-section-height-default elementor-section-height-default\" data-id=\"6854f9d\" data-element_type=\"section\" data-e-type=\"section\">\n\t\t\t\t\t\t<div class=\"elementor-container elementor-column-gap-wider\">\n\t\t\t\t\t<div class=\"elementor-column elementor-col-100 elementor-top-column elementor-element elementor-element-6e2ade8\" data-id=\"6e2ade8\" data-element_type=\"column\" data-e-type=\"column\" data-settings=\"{&quot;background_background&quot;:&quot;classic&quot;}\">\n\t\t\t<div class=\"elementor-widget-wrap elementor-element-populated\">\n\t\t\t\t\t\t<div class=\"elementor-element elementor-element-85f438d elementor-widget elementor-widget-text-editor\" data-id=\"85f438d\" data-element_type=\"widget\" data-e-type=\"widget\" data-widget_type=\"text-editor.default\">\n\t\t\t\t<div class=\"elementor-widget-container\">\n\t\t\t\t\t\t\t\t\t<h2>Cancellation Policy<\/h2><p lang=\"en-US\" align=\"justify\"><span style=\"font-size: medium\"><span lang=\"es-CR\"><b>Last update: September 20, 2024.<\/b><\/span><\/span><\/p><p lang=\"en-US\" align=\"justify\"><span style=\"font-size: large\"><span lang=\"es-CR\">At Market Vision Scape, we understand that plans may change and you may need to cancel a service or order. This Cancellation Policy describes the procedures and conditions for canceling services or orders placed through our website.<\/span><\/span><\/p><p lang=\"en-US\" align=\"justify\"><span style=\"font-size: large\"><span lang=\"es-CR\">Cancellation of Services<\/span><\/span><\/p><p lang=\"en-US\" align=\"justify\"><span style=\"font-size: large\"><span lang=\"es-CR\">If you wish to cancel a service, please contact our customer service team at <\/span><\/span><span style=\"color: #0563c1\"><u><span style=\"font-size: large\"><span lang=\"es-CR\">support@marketvisionscape.com<\/span><\/span><\/u><\/span><span style=\"font-size: large\"><span lang=\"es-CR\"> as soon as possible. Service cancellations are subject to the following conditions:<\/span><\/span><\/p><ul><li><p lang=\"en-US\" align=\"justify\"><span style=\"font-size: large\"><span lang=\"es-CR\">Cancellation requests received within 24 hours of placing the order may be eligible for a full refund.<\/span><\/span><\/p><\/li><li><p lang=\"en-US\" align=\"justify\"><span style=\"font-size: large\"><span lang=\"es-CR\">Cancellation requests received after 24 hours but before the service delivery date may be eligible for a partial refund.<\/span><\/span><\/p><\/li><li><p lang=\"en-US\" align=\"justify\"><span style=\"font-size: large\"><span lang=\"es-CR\">No refunds will be issued for service cancellations made after the service delivery date.<\/span><\/span><\/p><\/li><\/ul><p lang=\"en-US\" align=\"justify\"><span style=\"font-size: large\"><span lang=\"es-CR\">2. Cancellation of Product Orders<\/span><\/span><\/p><p lang=\"en-US\" align=\"justify\"><span style=\"font-size: large\"><span lang=\"es-CR\">If you wish to cancel an order for a physical product, please contact our customer service team at <\/span><\/span><span style=\"color: #0563c1\"><u><span style=\"font-size: large\"><span lang=\"es-CR\">support@marketvisionscape.com<\/span><\/span><\/u><\/span><span style=\"font-size: large\"><span lang=\"es-CR\">. Cancellations of product orders are subject to the following conditions:<\/span><\/span><\/p><ul><li><p lang=\"en-US\" align=\"justify\"><span style=\"font-size: large\"><span lang=\"es-CR\">Cancellation requests received within 2 days of placing the order may be eligible for a full refund.<\/span><\/span><\/p><\/li><li><p lang=\"en-US\" align=\"justify\"><span style=\"font-size: large\"><span lang=\"es-CR\">Cancellation requests received after 2 days but before the product is shipped may be eligible for a partial refund.<\/span><\/span><\/p><\/li><li><p lang=\"en-US\" align=\"justify\"><span style=\"font-size: large\"><span lang=\"es-CR\">If the product has already been shipped, you may return it in accordance with our Refunds and Returns Policy.<\/span><\/span><\/p><\/li><\/ul><p lang=\"en-US\" align=\"justify\"><span style=\"font-size: large\"><span lang=\"es-CR\">3. Reimbursement Process<\/span><\/span><\/p><p lang=\"en-US\" align=\"justify\"><span style=\"font-size: large\"><span lang=\"es-CR\">Refunds for eligible cancellations will be processed within 5 business days and issued in the original form of payment. Please note that it may take additional time for the refund to appear in your account, depending on your financial institution.<\/span><\/span><\/p><p lang=\"en-US\" align=\"justify\"><span style=\"font-size: large\"><span lang=\"es-CR\">4. Changes to this Policy<\/span><\/span><\/p><p lang=\"en-US\" align=\"justify\"><span style=\"font-size: large\"><span lang=\"es-CR\">We may update this Cancellation Policy from time to time. The updated version will be posted on our website with the date \"Last Updated\". Your continued use of our services after changes are made constitutes acceptance of the revised Cancellation Policy.<\/span><\/span><\/p><p lang=\"en-US\" align=\"justify\"><span style=\"font-size: large\"><span lang=\"es-CR\">Contact us<\/span><\/span><\/p><p lang=\"en-US\" align=\"justify\"><span style=\"font-size: large\"><span lang=\"es-CR\">If you have any questions or concerns about this Cancellation Policy, please contact us at:<\/span><\/span><\/p><p lang=\"en-US\" align=\"justify\"><span style=\"font-size: large\"><span lang=\"es-CR\">Address: Santiago, Chile<\/span><\/span><\/p><p lang=\"en-US\" align=\"justify\"><span style=\"font-size: large\"><span lang=\"es-CR\">Phone: <\/span><\/span><\/p><p lang=\"en-US\" align=\"justify\"><span style=\"font-size: large\"><span lang=\"es-CR\">E-mail: <\/span><\/span><span style=\"color: #0563c1\"><u><span style=\"font-size: large\"><span lang=\"es-CR\">support@marketvisionscape.com<\/span><\/span><\/u><\/span><\/p><h2>Refunds and Returns Policy<\/h2><p lang=\"en-US\" align=\"justify\"><span style=\"font-size: medium\"><span lang=\"es-CR\"><b>Last update: September 20, 2023<\/b><\/span><\/span><\/p><p lang=\"en-US\" align=\"justify\"><span style=\"font-size: large\"><span lang=\"es-CR\">At Market Vision Scape, we are committed to providing our customers with high quality products and services. We understand that there may be instances when you may need to request a refund or return a product. This Refunds and Returns Policy outlines the procedures and conditions for requesting refunds and returns of services and products purchased through our website.<\/span><\/span><\/p><p lang=\"en-US\" align=\"justify\"><span style=\"font-size: large\"><span lang=\"es-CR\">1. Eligibility for Refunds and Returns<\/span><\/span><\/p><ul><li><p lang=\"en-US\" align=\"justify\"><span style=\"font-size: large\"><span lang=\"es-CR\">Services: Refunds for services may be eligible under specific conditions as detailed in our Cancellation Policy.<\/span><\/span><\/p><\/li><li><p lang=\"en-US\" align=\"justify\"><span style=\"font-size: large\"><span lang=\"es-CR\">Products: Returns of physical products may be eligible under specific conditions as detailed below.<\/span><\/span><\/p><\/li><\/ul><p lang=\"en-US\" align=\"justify\"><span style=\"font-size: large\"><span lang=\"es-CR\">2. Product Returns<\/span><\/span><\/p><p lang=\"en-US\" align=\"justify\"><span style=\"font-size: large\"><span lang=\"es-CR\">If you wish to return a physical product, please follow these guidelines:<\/span><\/span><\/p><ul><li><p lang=\"en-US\" align=\"justify\"><span style=\"font-size: large\"><span lang=\"es-CR\">Contact us: Notify our customer support team at <\/span><\/span><span style=\"color: #0563c1\"><u><span style=\"font-size: large\"><span lang=\"es-CR\">support@marketvisionscape.com<\/span><\/span><\/u><\/span><span style=\"font-size: large\"><span lang=\"es-CR\"> your intention to return the product within 2 days of receipt.<\/span><\/span><\/p><\/li><li><p lang=\"en-US\" align=\"justify\"><span style=\"font-size: large\"><span lang=\"es-CR\">Return Authorization: You will be provided with a Return Authorization (RA) number and instructions on how to proceed with the return.<\/span><\/span><\/p><\/li><li><p lang=\"en-US\" align=\"justify\"><span style=\"font-size: large\"><span lang=\"es-CR\">Return Condition: Product must be returned in its original, unused condition and in its original packaging. Any product that is damaged, altered or not in its original condition may not be eligible for a refund.<\/span><\/span><\/p><\/li><li><p lang=\"en-US\" align=\"justify\"><span style=\"font-size: large\"><span lang=\"es-CR\">Shipping Costs: You are responsible for the cost of shipping the returned product, unless the return is due to a product defect or an error on our part.<\/span><\/span><\/p><\/li><li><p lang=\"en-US\" align=\"justify\"><span style=\"font-size: large\"><span lang=\"es-CR\">Refund Process: Once we receive the returned product and verify its condition, a refund will be issued in the original form of payment within 5 business days. Please note that it may take additional time for the refund to appear in your account, depending on your financial institution.<\/span><\/span><\/p><\/li><\/ul><p lang=\"en-US\" align=\"justify\"><span style=\"font-size: large\"><span lang=\"es-CR\">3. Exemptions<\/span><\/span><\/p><p lang=\"en-US\" align=\"justify\"><span style=\"font-size: large\"><span lang=\"es-CR\">The following items are exempt from being returned:<\/span><\/span><\/p><ul><li><p lang=\"en-US\" align=\"justify\"><span style=\"font-size: large\"><span lang=\"es-CR\">Downloadable or Digital Products: Electronically delivered services or products that have been accessed or downloaded.<\/span><\/span><\/p><\/li><li><p lang=\"en-US\" align=\"justify\"><span style=\"font-size: large\"><span lang=\"es-CR\">Perishable or Consumable Products: Products with a limited shelf life, such as food or certain personal care and health care items.<\/span><\/span><\/p><\/li><li><p lang=\"en-US\" align=\"justify\"><span style=\"font-size: large\"><span lang=\"es-CR\">Gift Cards: Gift cards or vouchers are non-refundable and cannot be exchanged for cash.<\/span><\/span><\/p><\/li><\/ul><p lang=\"en-US\" align=\"justify\"><span style=\"font-size: large\"><span lang=\"es-CR\">4. Changes to this Policy<\/span><\/span><\/p><p lang=\"en-US\" align=\"justify\"><span style=\"font-size: large\"><span lang=\"es-CR\">We may update this Refunds and Returns Policy from time to time. The updated version will be posted on our website with the date \"Last Updated\". Your continued use of our services and products after changes are made constitutes acceptance of the revised Refunds and Returns Policy.<\/span><\/span><\/p><p lang=\"en-US\" align=\"justify\"><span style=\"font-size: large\"><span lang=\"es-CR\">Contact us<\/span><\/span><\/p><p lang=\"en-US\" align=\"justify\"><span style=\"font-size: large\"><span lang=\"es-CR\">If you have any questions or concerns about this Refund and Return Policy, please contact us at:<\/span><\/span><\/p><p lang=\"en-US\" align=\"justify\"><span style=\"font-size: large\"><span lang=\"es-CR\">Address: Calle del Inca 4446, Office 901, Edificio Vitae, Comuna Las Condes, Santiago de Chile, Chile. Postal Code 7550000.<\/span><\/span><\/p><p lang=\"en-US\" align=\"justify\"><span style=\"font-size: large\"><span lang=\"es-CR\">E-mail: <\/span><\/span><span style=\"color: #0563c1\"><u><span style=\"font-size: large\"><span lang=\"es-CR\">support@marketvisionscape.com<\/span><\/span><\/u><\/span><\/p>\t\t\t\t\t\t\t\t<\/div>\n\t\t\t\t<\/div>\n\t\t\t\t\t<\/div>\n\t\t<\/div>\n\t\t\t\t\t<\/div>\n\t\t<\/section>\n\t\t\t\t<\/div>","protected":false},"excerpt":{"rendered":"<p>Market Vision Scape &#8211; Encendiendo el Viaje Digital de tu Marca Pol\u00edtica de Cancelaci\u00f3n \u00daltima actualizaci\u00f3n: 20 de setiembre del 2024. En Market Vision Scape, entendemos que los planes pueden cambiar y es posible que necesite cancelar un servicio o pedido. Esta Pol\u00edtica de Cancelaci\u00f3n describe los procedimientos y condiciones para cancelar servicios o pedidos [&hellip;]<\/p>\n","protected":false},"author":4,"featured_media":0,"parent":0,"menu_order":0,"comment_status":"closed","ping_status":"closed","template":"","meta":{"_acf_changed":false,"footnotes":""},"class_list":["post-15","page","type-page","status-publish","hentry"],"acf":[],"aioseo_notices":[],"_links":{"self":[{"href":"https:\/\/marketvisionscape.com\/en\/wp-json\/wp\/v2\/pages\/15","targetHints":{"allow":["GET"]}}],"collection":[{"href":"https:\/\/marketvisionscape.com\/en\/wp-json\/wp\/v2\/pages"}],"about":[{"href":"https:\/\/marketvisionscape.com\/en\/wp-json\/wp\/v2\/types\/page"}],"author":[{"embeddable":true,"href":"https:\/\/marketvisionscape.com\/en\/wp-json\/wp\/v2\/users\/4"}],"replies":[{"embeddable":true,"href":"https:\/\/marketvisionscape.com\/en\/wp-json\/wp\/v2\/comments?post=15"}],"version-history":[{"count":32,"href":"https:\/\/marketvisionscape.com\/en\/wp-json\/wp\/v2\/pages\/15\/revisions"}],"predecessor-version":[{"id":1602,"href":"https:\/\/marketvisionscape.com\/en\/wp-json\/wp\/v2\/pages\/15\/revisions\/1602"}],"wp:attachment":[{"href":"https:\/\/marketvisionscape.com\/en\/wp-json\/wp\/v2\/media?parent=15"}],"curies":[{"name":"wp","href":"https:\/\/api.w.org\/{rel}","templated":true}]}}