{"id":1072,"date":"2023-10-04T12:45:31","date_gmt":"2023-10-04T16:45:31","guid":{"rendered":"https:\/\/marketvisionscape.com\/?page_id=1072"},"modified":"2024-12-11T15:57:38","modified_gmt":"2024-12-11T19:57:38","slug":"affiliate-policy-2","status":"publish","type":"page","link":"https:\/\/marketvisionscape.com\/en\/affiliate-policy-2\/","title":{"rendered":"Affiliate Policy"},"content":{"rendered":"<div data-elementor-type=\"wp-page\" data-elementor-id=\"1072\" class=\"elementor elementor-1072\" data-elementor-post-type=\"page\">\n\t\t\t\t\t\t<section class=\"elementor-section elementor-top-section elementor-element elementor-element-7eb7d409 elementor-section-boxed elementor-section-height-default elementor-section-height-default\" data-id=\"7eb7d409\" data-element_type=\"section\" data-e-type=\"section\" data-settings=\"{&quot;background_background&quot;:&quot;classic&quot;}\">\n\t\t\t\t\t\t\t<div class=\"elementor-background-overlay\"><\/div>\n\t\t\t\t\t\t\t<div class=\"elementor-container elementor-column-gap-wider\">\n\t\t\t\t\t<div class=\"elementor-column elementor-col-100 elementor-top-column elementor-element elementor-element-61e121e3\" data-id=\"61e121e3\" data-element_type=\"column\" data-e-type=\"column\">\n\t\t\t<div class=\"elementor-widget-wrap elementor-element-populated\">\n\t\t\t\t\t\t<div class=\"elementor-element elementor-element-4669ea4 elementor-widget__width-initial elementor-invisible elementor-widget elementor-widget-text-editor\" data-id=\"4669ea4\" data-element_type=\"widget\" data-e-type=\"widget\" data-settings=\"{&quot;_animation&quot;:&quot;fadeInUp&quot;}\" data-widget_type=\"text-editor.default\">\n\t\t\t\t<div class=\"elementor-widget-container\">\n\t\t\t\t\t\t\t\t\t<p lang=\"en-US\" style=\"text-align: center\" align=\"justify\"><span style=\"font-size: large\"><span lang=\"es-CR\">Market Vision Scape &#8211; <\/span><\/span><span style=\"font-size: large\"><span lang=\"es-CR\">Igniting your Brand's Digital Journey<\/span><\/span><\/p>\t\t\t\t\t\t\t\t<\/div>\n\t\t\t\t<\/div>\n\t\t\t\t<div class=\"elementor-element elementor-element-7a001708 elementor-widget-divider--view-line elementor-widget elementor-widget-divider\" data-id=\"7a001708\" data-element_type=\"widget\" data-e-type=\"widget\" data-widget_type=\"divider.default\">\n\t\t\t\t<div class=\"elementor-widget-container\">\n\t\t\t\t\t\t\t<div class=\"elementor-divider\">\n\t\t\t<span class=\"elementor-divider-separator\">\n\t\t\t\t\t\t<\/span>\n\t\t<\/div>\n\t\t\t\t\t\t<\/div>\n\t\t\t\t<\/div>\n\t\t\t\t\t<\/div>\n\t\t<\/div>\n\t\t\t\t\t<\/div>\n\t\t<\/section>\n\t\t\t\t<section class=\"elementor-section elementor-top-section elementor-element elementor-element-3e3b70b elementor-section-boxed elementor-section-height-default elementor-section-height-default\" data-id=\"3e3b70b\" data-element_type=\"section\" data-e-type=\"section\">\n\t\t\t\t\t\t<div class=\"elementor-container elementor-column-gap-wider\">\n\t\t\t\t\t<div class=\"elementor-column elementor-col-100 elementor-top-column elementor-element elementor-element-0276506\" data-id=\"0276506\" data-element_type=\"column\" data-e-type=\"column\" data-settings=\"{&quot;background_background&quot;:&quot;classic&quot;}\">\n\t\t\t<div class=\"elementor-widget-wrap elementor-element-populated\">\n\t\t\t\t\t\t<div class=\"elementor-element elementor-element-4d91006 elementor-widget elementor-widget-text-editor\" data-id=\"4d91006\" data-element_type=\"widget\" data-e-type=\"widget\" data-widget_type=\"text-editor.default\">\n\t\t\t\t<div class=\"elementor-widget-container\">\n\t\t\t\t\t\t\t\t\t<h4>Affiliate Policy<\/h4><p lang=\"en-US\" align=\"justify\"><span style=\"font-size: medium\"><span lang=\"es-CR\"><b>Last update: September 20, 2024.<\/b><\/span><\/span><\/p><p lang=\"en-US\" align=\"justify\"><span style=\"font-size: large\"><span lang=\"es-CR\">At Market Vision Scape, we offer an Affiliate Program to individuals and companies interested in promoting our services and products in exchange for commissions. This Affiliate Policy describes the terms and conditions governing our Affiliate Program.<\/span><\/span><\/p><p lang=\"en-US\" align=\"justify\"><span style=\"font-size: large\"><span lang=\"es-CR\">Application and Acceptance<\/span><\/span><\/p><p lang=\"en-US\" align=\"justify\"><span style=\"font-size: large\"><span lang=\"es-CR\">1.1. To become an Affiliate, you must submit an application through our Affiliate Program registration page. We reserve the right to approve or deny any application at our discretion.<\/span><\/span><\/p><p lang=\"en-US\" align=\"justify\"><span style=\"font-size: large\"><span lang=\"es-CR\">1.2. Once your application is approved, you will receive access to our Affiliate Program dashboard, which includes affiliate tracking links, promotional materials and reporting tools.<\/span><\/span><\/p><p lang=\"en-US\" align=\"justify\"><span style=\"font-size: large\"><span lang=\"es-CR\">2. Affiliate Commissions<\/span><\/span><\/p><p lang=\"en-US\" align=\"justify\"><span style=\"font-size: large\"><span lang=\"es-CR\">Commissions are earned based on referrals of new customers to Market Vision Scape through your unique affiliate tracking links.<\/span><\/span><\/p><p lang=\"en-US\" align=\"justify\"><span style=\"font-size: large\"><span lang=\"es-CR\">2.2. Commissions are calculated as a percentage of the total purchase amount made by referred customers.<\/span><\/span><\/p><p lang=\"en-US\" align=\"justify\"><span style=\"font-size: large\"><span lang=\"es-CR\">2.3. Commission rates and payment terms may vary and will be detailed in the specific terms provided to you upon acceptance into the Affiliate Program.<\/span><\/span><\/p><p lang=\"en-US\" align=\"justify\"><span style=\"font-size: large\"><span lang=\"es-CR\">3. Affiliate Responsibilities<\/span><\/span><\/p><p lang=\"en-US\" align=\"justify\"><span style=\"font-size: large\"><span lang=\"es-CR\">3.1. As an affiliate, you agree to promote Market Vision Scape in a professional and ethical manner.<\/span><\/span><\/p><p lang=\"en-US\" align=\"justify\"><span style=\"font-size: large\"><span lang=\"es-CR\">3.2. You are responsible for accurately representing our services and products and for ensuring that your marketing materials comply with all applicable laws and regulations.<\/span><\/span><\/p><p lang=\"en-US\" align=\"justify\"><span style=\"font-size: large\"><span lang=\"es-CR\">3.3. You may not engage in deceptive or unethical practices, including, but not limited to, false advertising, spamming or misrepresentation of our offerings.<\/span><\/span><\/p><p lang=\"en-US\" align=\"justify\"><span style=\"font-size: large\"><span lang=\"es-CR\">4. Payments<\/span><\/span><\/p><p lang=\"en-US\" align=\"justify\"><span style=\"font-size: large\"><span lang=\"es-CR\">4.1. Commissions are generally paid monthly, subject to a minimum payment threshold specified in the terms of the Affiliate Program.<\/span><\/span><\/p><p lang=\"en-US\" align=\"justify\"><span style=\"font-size: large\"><span lang=\"es-CR\">4.2. Payments are made through the preferred method specified in your affiliate account settings.<\/span><\/span><\/p><p lang=\"en-US\" align=\"justify\"><span style=\"font-size: large\"><span lang=\"es-CR\">5. Termination<\/span><\/span><\/p><p lang=\"en-US\" align=\"justify\"><span style=\"font-size: large\"><span lang=\"es-CR\">Market Vision Scape reserves the right to terminate an Affiliate's participation in the program at any time for violations of this policy or for any other reason.<\/span><\/span><\/p><p lang=\"en-US\" align=\"justify\"><span style=\"font-size: large\"><span lang=\"es-CR\">5.2. Termination may result in the loss of unpaid commissions.<\/span><\/span><\/p><p lang=\"en-US\" align=\"justify\"><span style=\"font-size: large\"><span lang=\"es-CR\">6. Changes in the Affiliate Program<\/span><\/span><\/p><p lang=\"en-US\" align=\"justify\"><span style=\"font-size: large\"><span lang=\"es-CR\">6.1. We may modify, suspend or terminate the Affiliate Program or this Affiliate Policy at any time. We will provide notice of any significant changes.<\/span><\/span><\/p><p lang=\"en-US\" align=\"justify\"><span style=\"font-size: large\"><span lang=\"es-CR\">7. Confidentiality<\/span><\/span><\/p><p lang=\"en-US\" align=\"justify\"><span style=\"font-size: large\"><span lang=\"es-CR\">7.1. As an affiliate, you may have access to confidential information about Market Vision Scape. You agree to keep this information confidential and not to disclose it to third parties.<\/span><\/span><\/p><p lang=\"en-US\" align=\"justify\"><span style=\"font-size: large\"><span lang=\"es-CR\">8. Applicable Law<\/span><\/span><\/p><p lang=\"en-US\" align=\"justify\"><span style=\"font-size: large\"><span lang=\"es-CR\">8.1. This Affiliate Policy is governed by and construed in accordance with the laws of Chile, without regard to its conflict of laws principles.<\/span><\/span><\/p><p lang=\"en-US\" align=\"justify\"><span style=\"font-size: large\"><span lang=\"es-CR\">Contact us<\/span><\/span><\/p><p lang=\"en-US\" align=\"justify\"><span style=\"font-size: large\"><span lang=\"es-CR\">If you have any questions or concerns about this Affiliate Policy or the Affiliate Program, please contact us at:<\/span><\/span><\/p><p lang=\"en-US\" align=\"justify\"><span style=\"font-size: large\"><span lang=\"es-CR\">Address: Calle del Inca 4446, Office 901, Edificio Vitae, Comuna Las Condes, Santiago de Chile, Chile. Postal Code 7550000.<\/span><\/span><\/p><p lang=\"en-US\" align=\"justify\"><span style=\"font-size: large\"><span lang=\"es-CR\">E-mail: <\/span><\/span><span style=\"color: #0563c1\"><u><span style=\"font-size: large\"><span lang=\"es-CR\">support@marketvisionscape.com<\/span><\/span><\/u><\/span><\/p>\t\t\t\t\t\t\t\t<\/div>\n\t\t\t\t<\/div>\n\t\t\t\t\t<\/div>\n\t\t<\/div>\n\t\t\t\t\t<\/div>\n\t\t<\/section>\n\t\t\t\t<\/div>","protected":false},"excerpt":{"rendered":"<p>Market Vision Scape &#8211; Encendiendo el Viaje Digital de tu Marca Pol\u00edtica de Afiliados \u00daltima actualizaci\u00f3n: 20 de setiembre del 2024. En Market Vision Scape, ofrecemos un Programa de Afiliados a individuos y empresas interesados en promocionar nuestros servicios y productos a cambio de comisiones. Esta Pol\u00edtica de Afiliados describe los t\u00e9rminos y condiciones que [&hellip;]<\/p>\n","protected":false},"author":4,"featured_media":0,"parent":0,"menu_order":0,"comment_status":"closed","ping_status":"open","template":"","meta":{"_acf_changed":false,"footnotes":""},"class_list":["post-1072","page","type-page","status-publish","hentry"],"acf":[],"aioseo_notices":[],"_links":{"self":[{"href":"https:\/\/marketvisionscape.com\/en\/wp-json\/wp\/v2\/pages\/1072","targetHints":{"allow":["GET"]}}],"collection":[{"href":"https:\/\/marketvisionscape.com\/en\/wp-json\/wp\/v2\/pages"}],"about":[{"href":"https:\/\/marketvisionscape.com\/en\/wp-json\/wp\/v2\/types\/page"}],"author":[{"embeddable":true,"href":"https:\/\/marketvisionscape.com\/en\/wp-json\/wp\/v2\/users\/4"}],"replies":[{"embeddable":true,"href":"https:\/\/marketvisionscape.com\/en\/wp-json\/wp\/v2\/comments?post=1072"}],"version-history":[{"count":25,"href":"https:\/\/marketvisionscape.com\/en\/wp-json\/wp\/v2\/pages\/1072\/revisions"}],"predecessor-version":[{"id":1605,"href":"https:\/\/marketvisionscape.com\/en\/wp-json\/wp\/v2\/pages\/1072\/revisions\/1605"}],"wp:attachment":[{"href":"https:\/\/marketvisionscape.com\/en\/wp-json\/wp\/v2\/media?parent=1072"}],"curies":[{"name":"wp","href":"https:\/\/api.w.org\/{rel}","templated":true}]}}